{"id":8725,"date":"2023-01-01T14:43:43","date_gmt":"2023-01-01T13:43:43","guid":{"rendered":"http:\/\/www.msopatovice.eu\/?page_id=8725"},"modified":"2024-09-06T15:22:43","modified_gmt":"2024-09-06T13:22:43","slug":"projekt-iv-2","status":"publish","type":"page","link":"https:\/\/www.msopatovice.eu\/index.php\/projekt-iv-2\/","title":{"rendered":"Projekt IV"},"content":{"rendered":"<h4><img loading=\"lazy\" class=\"alignnone wp-image-8903\" src=\"https:\/\/www.msopatovice.eu\/wp-content\/uploads\/2023\/01\/EUMSMT-Barevne-RGB-300x43.jpg\" alt=\"\" width=\"635\" height=\"91\" data-id=\"8903\" srcset=\"https:\/\/www.msopatovice.eu\/wp-content\/uploads\/2023\/01\/EUMSMT-Barevne-RGB-300x43.jpg 300w, https:\/\/www.msopatovice.eu\/wp-content\/uploads\/2023\/01\/EUMSMT-Barevne-RGB-1024x146.jpg 1024w, https:\/\/www.msopatovice.eu\/wp-content\/uploads\/2023\/01\/EUMSMT-Barevne-RGB-768x109.jpg 768w, https:\/\/www.msopatovice.eu\/wp-content\/uploads\/2023\/01\/EUMSMT-Barevne-RGB-1536x219.jpg 1536w, https:\/\/www.msopatovice.eu\/wp-content\/uploads\/2023\/01\/EUMSMT-Barevne-RGB.jpg 1600w\" sizes=\"(max-width: 635px) 100vw, 635px\" \/><\/h4>\n<h4><span style=\"font-family: inherit;\"><span style=\"color: #000000;\">Na\u0161e mate\u0159sk\u00e1 \u0161kola je p\u0159\u00edjemcem dotace z projektu s n\u00e1zvem<\/span> <span style=\"color: #0000ff;\">M\u0160 Opatovice \u0160ablony I<\/span>\u00a0<span style=\"color: #000000;\">v programu Opera\u010dn\u00ed program Jan Amos Komensk\u00fd.<\/span><\/span><\/h4>\n<h4><span style=\"color: #0000ff;\"><strong>Projekt je spolufinancov\u00e1n Evropskou uni\u00ed.<\/strong><\/span><\/h4>\n<h4 class=\"entry-content clearfix\"><span style=\"color: #000000;\">V\u00fd\u0161e poskytnut\u00e9 dotace je 425 471 K\u010d. <\/span><\/h4>\n<h4 class=\"entry-content clearfix\"><span style=\"color: #000000;\">\u00da\u010delem dotace je:<br \/>\n&#8211; zvy\u0161ov\u00e1n\u00ed kvality, inkluzivity a \u00fa\u010dinnosti syst\u00e9m\u016f vzd\u011bl\u00e1v\u00e1n\u00ed<br \/>\n&#8211; zaji\u0161\u0165ov\u00e1n\u00ed rovn\u00e9ho p\u0159\u00edstupu ke kvalitn\u00edmu a inkluzivn\u00edmu vzd\u011bl\u00e1v\u00e1n\u00ed, v\u010detn\u011b usnad\u0148ov\u00e1n\u00ed vzd\u011bl\u00e1vac\u00ed mobility znev\u00fdhodn\u011bn\u00fdch skupin<\/span><\/h4>\n<h4><span style=\"color: #000000;\">C\u00edlem je poskytnut\u00ed do\u010dasn\u00e9 person\u00e1ln\u00ed podpory \u2013 \u0161koln\u00edho asistenta mate\u0159sk\u00e9 \u0161kole.<\/span><\/h4>\n<h4><span style=\"color: #000000;\">Datum zah\u00e1jen\u00ed fyzick\u00e9 realizace projektu: 1. 5. 2022<\/span><\/h4>\n<h4><span style=\"color: #000000;\">Datum ukon\u010den\u00ed fyzick\u00e9 realizace projektu: 31. 8. 2024<\/span><\/h4>\n","protected":false},"excerpt":{"rendered":"<p>Na\u0161e mate\u0159sk\u00e1 \u0161kola je p\u0159\u00edjemcem dotace z projektu s n\u00e1zvem M\u0160 Opatovice \u0160ablony I\u00a0v programu Opera\u010dn\u00ed program Jan Amos Komensk\u00fd. Projekt je spolufinancov\u00e1n Evropskou uni\u00ed. V\u00fd\u0161e poskytnut\u00e9 dotace je 425 471 K\u010d. \u00da\u010delem dotace je: &#8211; zvy\u0161ov\u00e1n\u00ed kvality, inkluzivity a \u00fa\u010dinnosti syst\u00e9m\u016f vzd\u011bl\u00e1v\u00e1n\u00ed &#8211; zaji\u0161\u0165ov\u00e1n\u00ed rovn\u00e9ho p\u0159\u00edstupu ke kvalitn\u00edmu a inkluzivn\u00edmu vzd\u011bl\u00e1v\u00e1n\u00ed, v\u010detn\u011b usnad\u0148ov\u00e1n\u00ed vzd\u011bl\u00e1vac\u00ed &hellip; <\/p>\n<p><a class=\"more-link btn\" href=\"https:\/\/www.msopatovice.eu\/index.php\/projekt-iv-2\/\">Continue reading<\/a><\/p>\n","protected":false},"author":2,"featured_media":0,"parent":0,"menu_order":0,"comment_status":"closed","ping_status":"closed","template":"","meta":{"_expiration-date-status":"","_expiration-date":0,"_expiration-date-type":"","_expiration-date-categories":[],"_expiration-date-options":[]},"_links":{"self":[{"href":"https:\/\/www.msopatovice.eu\/index.php\/wp-json\/wp\/v2\/pages\/8725"}],"collection":[{"href":"https:\/\/www.msopatovice.eu\/index.php\/wp-json\/wp\/v2\/pages"}],"about":[{"href":"https:\/\/www.msopatovice.eu\/index.php\/wp-json\/wp\/v2\/types\/page"}],"author":[{"embeddable":true,"href":"https:\/\/www.msopatovice.eu\/index.php\/wp-json\/wp\/v2\/users\/2"}],"replies":[{"embeddable":true,"href":"https:\/\/www.msopatovice.eu\/index.php\/wp-json\/wp\/v2\/comments?post=8725"}],"version-history":[{"count":5,"href":"https:\/\/www.msopatovice.eu\/index.php\/wp-json\/wp\/v2\/pages\/8725\/revisions"}],"predecessor-version":[{"id":13878,"href":"https:\/\/www.msopatovice.eu\/index.php\/wp-json\/wp\/v2\/pages\/8725\/revisions\/13878"}],"wp:attachment":[{"href":"https:\/\/www.msopatovice.eu\/index.php\/wp-json\/wp\/v2\/media?parent=8725"}],"curies":[{"name":"wp","href":"https:\/\/api.w.org\/{rel}","templated":true}]}}