{"id":805,"date":"2020-04-06T09:36:03","date_gmt":"2020-04-06T07:36:03","guid":{"rendered":"http:\/\/www.msopatovice.eu\/?page_id=805"},"modified":"2020-04-06T14:08:41","modified_gmt":"2020-04-06T12:08:41","slug":"povinne-zverejnovane-informace","status":"publish","type":"page","link":"https:\/\/www.msopatovice.eu\/index.php\/kontakt\/povinne-zverejnovane-informace\/","title":{"rendered":"P\u0159\u00edstupnost str\u00e1nek"},"content":{"rendered":"<h3>Prohl\u00e1\u0161en\u00ed o p\u0159\u00edstupnosti internetov\u00fdch str\u00e1nek <em>msopatovice.eu<\/em><\/h3>\n<p style=\"text-align: justify;\"><span style=\"color: #000000;\">Internetov\u00e9 str\u00e1nky se v maxim\u00e1ln\u00ed m\u00ed\u0159e sna\u017e\u00ed naplnit pravidla p\u0159\u00edstupn\u00e9 webov\u00e9<\/span><br \/>\n<span style=\"color: #000000;\">aplikace v souladu se z\u00e1konem \u010d. 99\/2019 Sb., o p\u0159\u00edstupnosti internetov\u00fdch str\u00e1nek a<\/span><br \/>\n<span style=\"color: #000000;\">mobiln\u00edch aplikac\u00ed a zm\u011bnou z\u00e1kona \u010d. 365\/2000 Sb., o informa\u010dn\u00edch syst\u00e9mech ve\u0159ejn\u00e9<\/span><br \/>\n<span style=\"color: #000000;\">spr\u00e1vy a zm\u011bnou n\u011bkter\u00fdch dal\u0161\u00edch z\u00e1kon\u016f, ve zn\u011bn\u00ed pozd\u011bj\u0161\u00edch p\u0159edpis\u016f, kter\u00e9 prov\u00e1d\u00ed<\/span><br \/>\n<span style=\"color: #000000;\">Sm\u011brnice Evropsk\u00e9ho parlamentu a Rady \/EU\/2016\/2102 ze dne 26. 10. 2016 o p\u0159\u00edstupnosti<\/span><br \/>\n<span style=\"color: #000000;\">webov\u00fd str\u00e1nek a mobiln\u00edch aplikac\u00ed.<\/span><br \/>\n<span style=\"color: #000000;\">Na\u0161e str\u00e1nky se tak\u00e9 sna\u017e\u00ed splnit v\u0161echny d\u016fle\u017eit\u00e9 z\u00e1sady p\u0159\u00edstupnosti podle standardu<\/span><br \/>\n<span style=\"color: #000000;\">WCAG 2.1 s ohledem na srozumitelnost a dostupnost.<\/span><\/p>\n<p><span style=\"color: #000000;\">Internetov\u00e9 str\u00e1nky jsou koncipov\u00e1ny tak, aby pro n\u00e1v\u0161t\u011bvn\u00edka, v\u010detn\u011b osoby se<\/span><br \/>\n<span style=\"color: #000000;\">zdravotn\u00edm posti\u017een\u00edm, byly vn\u00edmateln\u00e9, ovladateln\u00e9, srozumiteln\u00e9 a stabiln\u00ed.<\/span><br \/>\n<span style=\"color: #000000;\">P\u0159i jejich tvorb\u011b byly respektov\u00e1ny normy kompatibility a specifikace, kter\u00e9 zaji\u0161\u0165uj\u00ed<\/span><br \/>\n<span style=\"color: #000000;\">maxim\u00e1ln\u00ed kompatibilitu s aktu\u00e1ln\u00edmi b\u011b\u017en\u011b vyu\u017e\u00edvan\u00fdmi webov\u00fdmi prohl\u00ed\u017ee\u010di a<\/span><br \/>\n<span style=\"color: #000000;\">aktualizacemi str\u00e1nek si tyto kompatibility udr\u017euj\u00ed.<\/span><\/p>\n<p><span style=\"color: #000000;\">N\u011bkter\u00e9 informace jsou nab\u00edzeny v podob\u011b st\u00e1hnuteln\u00fdch dokument\u016f PDF, a to zejm\u00e9na<\/span><br \/>\n<span style=\"color: #000000;\">z d\u016fvodu jejich velk\u00e9ho rozsahu \u010di zhor\u0161en\u00e9 dostupnosti dokument\u016f v jin\u00e9 digit\u00e1ln\u00ed podob\u011b.<\/span><br \/>\n<span style=\"color: #000000;\">Internetov\u00e9 str\u00e1nky zobrazuj\u00ed p\u0159\u00edmo tyto PDF dokumenty a umo\u017e\u0148uj\u00ed nav\u00edc n\u00e1v\u0161t\u011bvn\u00edkovi<\/span><br \/>\n<span style=\"color: #000000;\">ulo\u017een\u00ed takov\u00e9ho dokumentu do PC v nezm\u011bn\u011bn\u00e9m rozlo\u017een\u00ed a kvalit\u011b.<\/span><\/p>\n<p><span style=\"color: #000000;\">Zp\u011btnou vazbu ohledn\u011b p\u0159\u00edstupnosti webov\u00fdch str\u00e1nek a informac\u00ed na nich uveden\u00fdch<\/span><br \/>\n<span style=\"color: #000000;\">sm\u011b\u0159ujte na n\u00ed\u017ee uveden\u00e9 kontakty.<\/span><\/p>\n<p><span style=\"color: #3366ff;\"><strong>Kontakt na spr\u00e1vce obsahu<\/strong><\/span><br \/>\n<span style=\"color: #000000;\">Mate\u0159sk\u00e1 \u0161kola Opatovice, okres Brno-venkov, p\u0159\u00edsp\u011bvkov\u00e1 organizace<\/span><br \/>\n<span style=\"color: #000000;\">U H\u0159i\u0161t\u011b 309<\/span><br \/>\n<span style=\"color: #000000;\">664 61 Opatovice<\/span><br \/>\n<span style=\"color: #000000;\">Tel: +420 547 232 452<\/span><br \/>\n<span style=\"color: #000000;\">E-mail:<\/span>\u00a0<a href=\"mailto:reditelka@msopatovice.eu\">reditelka@msopatovice.eu<\/a><\/p>\n<p><span style=\"color: #3366ff;\"><strong>Kontakt na technick\u00e9ho provozovatele<\/strong><\/span><br \/>\n<span style=\"color: #000000;\">Petr Kube\u0161<\/span><br \/>\n<span style=\"color: #000000;\">Komensk\u00e9ho 491<\/span><br \/>\n<span style=\"color: #000000;\">664 56 Blu\u010dina<\/span><br \/>\n<span style=\"color: #000000;\">Tel: +420 530 505 535<\/span><br \/>\n<span style=\"color: #000000;\">E-mail:<\/span> <a href=\"mailto:kubes@blucina.net\">kubes@blucina.net<\/a><\/p>\n","protected":false},"excerpt":{"rendered":"<p>Prohl\u00e1\u0161en\u00ed o p\u0159\u00edstupnosti internetov\u00fdch str\u00e1nek msopatovice.eu Internetov\u00e9 str\u00e1nky se v maxim\u00e1ln\u00ed m\u00ed\u0159e sna\u017e\u00ed naplnit pravidla p\u0159\u00edstupn\u00e9 webov\u00e9 aplikace v souladu se z\u00e1konem \u010d. 99\/2019 Sb., o p\u0159\u00edstupnosti internetov\u00fdch str\u00e1nek a mobiln\u00edch aplikac\u00ed a zm\u011bnou z\u00e1kona \u010d. 365\/2000 Sb., o informa\u010dn\u00edch syst\u00e9mech ve\u0159ejn\u00e9 spr\u00e1vy a zm\u011bnou n\u011bkter\u00fdch dal\u0161\u00edch z\u00e1kon\u016f, ve zn\u011bn\u00ed pozd\u011bj\u0161\u00edch p\u0159edpis\u016f, kter\u00e9 prov\u00e1d\u00ed Sm\u011brnice &hellip; <\/p>\n<p><a class=\"more-link btn\" href=\"https:\/\/www.msopatovice.eu\/index.php\/kontakt\/povinne-zverejnovane-informace\/\">Continue reading<\/a><\/p>\n","protected":false},"author":2,"featured_media":0,"parent":31,"menu_order":0,"comment_status":"closed","ping_status":"closed","template":"","meta":{"_expiration-date-status":"saved","_expiration-date":0,"_expiration-date-type":"","_expiration-date-categories":[],"_expiration-date-options":[]},"_links":{"self":[{"href":"https:\/\/www.msopatovice.eu\/index.php\/wp-json\/wp\/v2\/pages\/805"}],"collection":[{"href":"https:\/\/www.msopatovice.eu\/index.php\/wp-json\/wp\/v2\/pages"}],"about":[{"href":"https:\/\/www.msopatovice.eu\/index.php\/wp-json\/wp\/v2\/types\/page"}],"author":[{"embeddable":true,"href":"https:\/\/www.msopatovice.eu\/index.php\/wp-json\/wp\/v2\/users\/2"}],"replies":[{"embeddable":true,"href":"https:\/\/www.msopatovice.eu\/index.php\/wp-json\/wp\/v2\/comments?post=805"}],"version-history":[{"count":7,"href":"https:\/\/www.msopatovice.eu\/index.php\/wp-json\/wp\/v2\/pages\/805\/revisions"}],"predecessor-version":[{"id":807,"href":"https:\/\/www.msopatovice.eu\/index.php\/wp-json\/wp\/v2\/pages\/805\/revisions\/807"}],"up":[{"embeddable":true,"href":"https:\/\/www.msopatovice.eu\/index.php\/wp-json\/wp\/v2\/pages\/31"}],"wp:attachment":[{"href":"https:\/\/www.msopatovice.eu\/index.php\/wp-json\/wp\/v2\/media?parent=805"}],"curies":[{"name":"wp","href":"https:\/\/api.w.org\/{rel}","templated":true}]}}