{"id":70,"date":"2020-01-02T16:22:07","date_gmt":"2020-01-02T15:22:07","guid":{"rendered":"http:\/\/www.msopatovice.eu\/?page_id=70"},"modified":"2020-01-02T16:28:25","modified_gmt":"2020-01-02T15:28:25","slug":"seznam-alergenu","status":"publish","type":"page","link":"https:\/\/www.msopatovice.eu\/index.php\/stravovani\/seznam-alergenu\/","title":{"rendered":"Seznam alergen\u016f"},"content":{"rendered":"<p>Od 13. 12. 2014 nab\u00fdv\u00e1 povinnost <strong>informace o alergenech obsa\u017een\u00fdch v j\u00eddle<\/strong>\u00a0(Na\u0159\u00edzen\u00ed Evropsk\u00e9ho parlamentu a Rady EU \u010d. 1169\/2011).\u00a0Povinnost\u00ed \u0161koln\u00ed j\u00eddelny je informovat d\u00edt\u011b a jeho z\u00e1konn\u00e9ho z\u00e1stupce o p\u0159\u00edtomnosti alergen\u016f v pokrmech pod\u00e1van\u00fdch d\u011btem. Ozna\u010den\u00ed alergen\u016f v pokrmech nebude znamenat sn\u00ed\u017een\u00ed kvality stravov\u00e1n\u00ed nebo dokonce nebezpe\u010d\u00ed p\u0159ipravovan\u00e9ho pokrmu pro zdrav\u00e9 osoby. Bude se jednat o velmi d\u016fle\u017eitou informaci pro osoby trp\u00edc\u00ed potravinovou alergi\u00ed nebo intoleranc\u00ed, kter\u00e9 mus\u00ed n\u011bkter\u00e9 potraviny ze sv\u00e9ho j\u00eddeln\u00ed\u010dku naprosto vylou\u010dit. Prost\u0159ednictv\u00edm \u00fadaje na j\u00eddeln\u00ed\u010dku je umo\u017en\u011bn v souladu s pr\u00e1vn\u00edm p\u0159edpisem EU informovan\u00fd v\u00fdb\u011br potravin, kter\u00e9 jsou pro n\u011b bezpe\u010dn\u00e9.<\/p>\n<p>Alergeny jsou pops\u00e1ny a ozna\u010deny \u010d\u00edsly od 1 do 14 a jejich jmenovit\u00fd seznam je trvale vyv\u011b\u0161en vedle aktualizovan\u00e9ho t\u00fddenn\u00edho j\u00eddeln\u00edho l\u00edstku v M\u0160. Toto ozna\u010den\u00ed je tak\u00e9 na j\u00eddeln\u00edm l\u00edstku, kter\u00fd je zve\u0159ejn\u011bn na webov\u00fdch str\u00e1nk\u00e1ch M\u0160. V na\u0161\u00ed mate\u0159sk\u00e9 \u0161kole je na j\u00eddeln\u00ed\u010dku v\u017edy za ka\u017ed\u00fdm pokrmem \u010d\u00edslem ozna\u010den\u00fd alergen, kter\u00fd je tam obsa\u017een.<\/p>\n<h4><strong>Zm\u011bna j\u00eddeln\u00ed\u010dku i zm\u011bna alergen\u016f, kter\u00e9 pokrm obsahuj\u00ed je vyhrazena.<\/strong><\/h4>\n<p>&nbsp;<\/p>\n<p>Seznam alergen\u016f publikovan\u00fd ve sm\u011brnici 2000\/89 od 13.12.2014 sm\u011brnic\u00ed 1169\/2011 EU:<\/p>\n<p><img loading=\"lazy\" class=\" wp-image-73 alignleft\" src=\"https:\/\/www.msopatovice.eu\/wp-content\/uploads\/2020\/01\/Seznam-alergen\u016f-212x300.jpg\" alt=\"\" width=\"421\" height=\"596\" srcset=\"https:\/\/www.msopatovice.eu\/wp-content\/uploads\/2020\/01\/Seznam-alergen\u016f-212x300.jpg 212w, https:\/\/www.msopatovice.eu\/wp-content\/uploads\/2020\/01\/Seznam-alergen\u016f.jpg 543w\" sizes=\"(max-width: 421px) 100vw, 421px\" \/><\/p>\n<p>&nbsp;<\/p>\n<p>Podskupiny alergen\u016f:<\/p>\n<p>Alergen 1 &#8211; obiloviny obsahuj\u00edc\u00ed lepek<\/p>\n<p>1a &#8211; p\u0161enice<\/p>\n<p>1b &#8211; \u017eito<\/p>\n<p>1c &#8211; je\u010dmen<\/p>\n<p>1d &#8211; oves<\/p>\n<p>1e &#8211; \u0161palda<\/p>\n<p>1f &#8211; kamut<\/p>\n<p>&nbsp;<\/p>\n<p>&nbsp;<\/p>\n<p>&nbsp;<\/p>\n<p>&nbsp;<\/p>\n<p>&nbsp;<\/p>\n<p>&nbsp;<\/p>\n<p>Zpracovala: Lenka Povoln\u00e1, vedouc\u00ed \u0161koln\u00ed j\u00eddelny M\u0160 Opatovice<\/p>\n<p>Schv\u00e1lila: Libu\u0161e Tomandlov\u00e1, \u0159editelka M\u0160 Opatovice<\/p>\n","protected":false},"excerpt":{"rendered":"<p>Od 13. 12. 2014 nab\u00fdv\u00e1 povinnost informace o alergenech obsa\u017een\u00fdch v j\u00eddle\u00a0(Na\u0159\u00edzen\u00ed Evropsk\u00e9ho parlamentu a Rady EU \u010d. 1169\/2011).\u00a0Povinnost\u00ed \u0161koln\u00ed j\u00eddelny je informovat d\u00edt\u011b a jeho z\u00e1konn\u00e9ho z\u00e1stupce o p\u0159\u00edtomnosti alergen\u016f v pokrmech pod\u00e1van\u00fdch d\u011btem. Ozna\u010den\u00ed alergen\u016f v pokrmech nebude znamenat sn\u00ed\u017een\u00ed kvality stravov\u00e1n\u00ed nebo dokonce nebezpe\u010d\u00ed p\u0159ipravovan\u00e9ho pokrmu pro zdrav\u00e9 osoby. Bude se jednat &hellip; <\/p>\n<p><a class=\"more-link btn\" href=\"https:\/\/www.msopatovice.eu\/index.php\/stravovani\/seznam-alergenu\/\">Continue reading<\/a><\/p>\n","protected":false},"author":2,"featured_media":0,"parent":20,"menu_order":0,"comment_status":"closed","ping_status":"closed","template":"","meta":{"_expiration-date-status":"","_expiration-date":0,"_expiration-date-type":"","_expiration-date-categories":[],"_expiration-date-options":[]},"_links":{"self":[{"href":"https:\/\/www.msopatovice.eu\/index.php\/wp-json\/wp\/v2\/pages\/70"}],"collection":[{"href":"https:\/\/www.msopatovice.eu\/index.php\/wp-json\/wp\/v2\/pages"}],"about":[{"href":"https:\/\/www.msopatovice.eu\/index.php\/wp-json\/wp\/v2\/types\/page"}],"author":[{"embeddable":true,"href":"https:\/\/www.msopatovice.eu\/index.php\/wp-json\/wp\/v2\/users\/2"}],"replies":[{"embeddable":true,"href":"https:\/\/www.msopatovice.eu\/index.php\/wp-json\/wp\/v2\/comments?post=70"}],"version-history":[{"count":3,"href":"https:\/\/www.msopatovice.eu\/index.php\/wp-json\/wp\/v2\/pages\/70\/revisions"}],"predecessor-version":[{"id":72,"href":"https:\/\/www.msopatovice.eu\/index.php\/wp-json\/wp\/v2\/pages\/70\/revisions\/72"}],"up":[{"embeddable":true,"href":"https:\/\/www.msopatovice.eu\/index.php\/wp-json\/wp\/v2\/pages\/20"}],"wp:attachment":[{"href":"https:\/\/www.msopatovice.eu\/index.php\/wp-json\/wp\/v2\/media?parent=70"}],"curies":[{"name":"wp","href":"https:\/\/api.w.org\/{rel}","templated":true}]}}