{"id":55,"date":"2020-01-02T16:09:25","date_gmt":"2020-01-02T15:09:25","guid":{"rendered":"http:\/\/www.msopatovice.eu\/?page_id=55"},"modified":"2025-08-31T10:05:51","modified_gmt":"2025-08-31T08:05:51","slug":"skolni-rad","status":"publish","type":"page","link":"https:\/\/www.msopatovice.eu\/index.php\/o-nas\/skolni-rad\/","title":{"rendered":"\u0160koln\u00ed \u0159\u00e1d"},"content":{"rendered":"<h3><span style=\"color: #ff6600;\">\u0160koln\u00ed \u0159\u00e1d pro \u0161koln\u00ed rok 2025\/2026 ke sta\u017een\u00ed zde: <a href=\"https:\/\/www.msopatovice.eu\/wp-content\/uploads\/2025\/08\/Skolni-rad-materske-skoly-k-zari-2025.pdf\">\u0160koln\u00ed \u0159\u00e1d mate\u0159sk\u00e9 \u0161koly k z\u00e1\u0159\u00ed 2025<\/a><\/span><\/h3>\n","protected":false},"excerpt":{"rendered":"<p>\u0160koln\u00ed \u0159\u00e1d pro \u0161koln\u00ed rok 2025\/2026 ke sta\u017een\u00ed zde: \u0160koln\u00ed \u0159\u00e1d mate\u0159sk\u00e9 \u0161koly k z\u00e1\u0159\u00ed 2025<\/p>\n","protected":false},"author":2,"featured_media":0,"parent":14,"menu_order":3,"comment_status":"closed","ping_status":"closed","template":"","meta":{"_expiration-date-status":"","_expiration-date":0,"_expiration-date-type":"","_expiration-date-categories":[],"_expiration-date-options":[]},"_links":{"self":[{"href":"https:\/\/www.msopatovice.eu\/index.php\/wp-json\/wp\/v2\/pages\/55"}],"collection":[{"href":"https:\/\/www.msopatovice.eu\/index.php\/wp-json\/wp\/v2\/pages"}],"about":[{"href":"https:\/\/www.msopatovice.eu\/index.php\/wp-json\/wp\/v2\/types\/page"}],"author":[{"embeddable":true,"href":"https:\/\/www.msopatovice.eu\/index.php\/wp-json\/wp\/v2\/users\/2"}],"replies":[{"embeddable":true,"href":"https:\/\/www.msopatovice.eu\/index.php\/wp-json\/wp\/v2\/comments?post=55"}],"version-history":[{"count":9,"href":"https:\/\/www.msopatovice.eu\/index.php\/wp-json\/wp\/v2\/pages\/55\/revisions"}],"predecessor-version":[{"id":14312,"href":"https:\/\/www.msopatovice.eu\/index.php\/wp-json\/wp\/v2\/pages\/55\/revisions\/14312"}],"up":[{"embeddable":true,"href":"https:\/\/www.msopatovice.eu\/index.php\/wp-json\/wp\/v2\/pages\/14"}],"wp:attachment":[{"href":"https:\/\/www.msopatovice.eu\/index.php\/wp-json\/wp\/v2\/media?parent=55"}],"curies":[{"name":"wp","href":"https:\/\/api.w.org\/{rel}","templated":true}]}}