{"id":50,"date":"2020-01-02T16:01:47","date_gmt":"2020-01-02T15:01:47","guid":{"rendered":"http:\/\/www.msopatovice.eu\/?page_id=50"},"modified":"2021-08-19T10:58:49","modified_gmt":"2021-08-19T08:58:49","slug":"ochrana-osobnich-udaju-gdpr","status":"publish","type":"page","link":"https:\/\/www.msopatovice.eu\/index.php\/o-nas\/ochrana-osobnich-udaju-gdpr\/","title":{"rendered":"Ochrana osobn\u00edch \u00fadaj\u016f (GDPR)"},"content":{"rendered":"<h3><strong>Informa\u010dn\u00ed memorandum ke zpracov\u00e1v\u00e1n\u00ed osobn\u00edch \u00fadaj\u016f na\u0161\u00ed mate\u0159sk\u00e9 \u0161koly najdete zde: <a href=\"https:\/\/www.msopatovice.eu\/wp-content\/uploads\/2021\/08\/Informa\u010dn\u00ed-memorandum-9-2021-1.pdf\">Informa\u010dn\u00ed memorandum 9-2021<\/a><\/strong><\/h3>\n<h3><\/h3>\n","protected":false},"excerpt":{"rendered":"<p>Informa\u010dn\u00ed memorandum ke zpracov\u00e1v\u00e1n\u00ed osobn\u00edch \u00fadaj\u016f na\u0161\u00ed mate\u0159sk\u00e9 \u0161koly najdete zde: Informa\u010dn\u00ed memorandum 9-2021<\/p>\n","protected":false},"author":2,"featured_media":0,"parent":14,"menu_order":1,"comment_status":"closed","ping_status":"closed","template":"","meta":{"_expiration-date-status":"saved","_expiration-date":0,"_expiration-date-type":"","_expiration-date-categories":[],"_expiration-date-options":[]},"_links":{"self":[{"href":"https:\/\/www.msopatovice.eu\/index.php\/wp-json\/wp\/v2\/pages\/50"}],"collection":[{"href":"https:\/\/www.msopatovice.eu\/index.php\/wp-json\/wp\/v2\/pages"}],"about":[{"href":"https:\/\/www.msopatovice.eu\/index.php\/wp-json\/wp\/v2\/types\/page"}],"author":[{"embeddable":true,"href":"https:\/\/www.msopatovice.eu\/index.php\/wp-json\/wp\/v2\/users\/2"}],"replies":[{"embeddable":true,"href":"https:\/\/www.msopatovice.eu\/index.php\/wp-json\/wp\/v2\/comments?post=50"}],"version-history":[{"count":4,"href":"https:\/\/www.msopatovice.eu\/index.php\/wp-json\/wp\/v2\/pages\/50\/revisions"}],"predecessor-version":[{"id":4485,"href":"https:\/\/www.msopatovice.eu\/index.php\/wp-json\/wp\/v2\/pages\/50\/revisions\/4485"}],"up":[{"embeddable":true,"href":"https:\/\/www.msopatovice.eu\/index.php\/wp-json\/wp\/v2\/pages\/14"}],"wp:attachment":[{"href":"https:\/\/www.msopatovice.eu\/index.php\/wp-json\/wp\/v2\/media?parent=50"}],"curies":[{"name":"wp","href":"https:\/\/api.w.org\/{rel}","templated":true}]}}