{"id":436,"date":"2020-02-02T21:46:57","date_gmt":"2020-02-02T20:46:57","guid":{"rendered":"http:\/\/www.msopatovice.eu\/?page_id=436"},"modified":"2020-05-01T11:29:21","modified_gmt":"2020-05-01T09:29:21","slug":"opatovicky-zpravodaj","status":"publish","type":"page","link":"https:\/\/www.msopatovice.eu\/index.php\/o-nas\/opatovicky-zpravodaj\/","title":{"rendered":"Opatovick\u00fd zpravodaj"},"content":{"rendered":"<h4><span style=\"color: #000000;\">Pravideln\u011b p\u0159isp\u00edv\u00e1me do Opatovick\u00e9ho zpravodaje, na \u010dl\u00e1nky o d\u011bn\u00ed v mate\u0159sk\u00e9 \u0161kolce se m\u016f\u017eete pod\u00edvat <a href=\"http:\/\/www.opatovice.eu\/zpravodaj\/ds-3836\/p1=5613\">zde.<\/a><\/span><\/h4>\n","protected":false},"excerpt":{"rendered":"<p>Pravideln\u011b p\u0159isp\u00edv\u00e1me do Opatovick\u00e9ho zpravodaje, na \u010dl\u00e1nky o d\u011bn\u00ed v mate\u0159sk\u00e9 \u0161kolce se m\u016f\u017eete pod\u00edvat zde.<\/p>\n","protected":false},"author":2,"featured_media":0,"parent":14,"menu_order":6,"comment_status":"closed","ping_status":"closed","template":"","meta":{"_expiration-date-status":"saved","_expiration-date":0,"_expiration-date-type":"","_expiration-date-categories":[],"_expiration-date-options":[]},"_links":{"self":[{"href":"https:\/\/www.msopatovice.eu\/index.php\/wp-json\/wp\/v2\/pages\/436"}],"collection":[{"href":"https:\/\/www.msopatovice.eu\/index.php\/wp-json\/wp\/v2\/pages"}],"about":[{"href":"https:\/\/www.msopatovice.eu\/index.php\/wp-json\/wp\/v2\/types\/page"}],"author":[{"embeddable":true,"href":"https:\/\/www.msopatovice.eu\/index.php\/wp-json\/wp\/v2\/users\/2"}],"replies":[{"embeddable":true,"href":"https:\/\/www.msopatovice.eu\/index.php\/wp-json\/wp\/v2\/comments?post=436"}],"version-history":[{"count":3,"href":"https:\/\/www.msopatovice.eu\/index.php\/wp-json\/wp\/v2\/pages\/436\/revisions"}],"predecessor-version":[{"id":1079,"href":"https:\/\/www.msopatovice.eu\/index.php\/wp-json\/wp\/v2\/pages\/436\/revisions\/1079"}],"up":[{"embeddable":true,"href":"https:\/\/www.msopatovice.eu\/index.php\/wp-json\/wp\/v2\/pages\/14"}],"wp:attachment":[{"href":"https:\/\/www.msopatovice.eu\/index.php\/wp-json\/wp\/v2\/media?parent=436"}],"curies":[{"name":"wp","href":"https:\/\/api.w.org\/{rel}","templated":true}]}}