{"id":31,"date":"2020-01-02T11:00:13","date_gmt":"2020-01-02T10:00:13","guid":{"rendered":"http:\/\/www.msopatovice.eu\/?page_id=31"},"modified":"2025-08-25T19:32:45","modified_gmt":"2025-08-25T17:32:45","slug":"kontakt","status":"publish","type":"page","link":"https:\/\/www.msopatovice.eu\/index.php\/kontakt\/","title":{"rendered":"Kontakt"},"content":{"rendered":"<h3><span style=\"color: #ff6600;\">Mate\u0159sk\u00e1 \u0161kola Opatovice, okres Brno-venkov, p\u0159\u00edsp\u011bvkov\u00e1 organizace<\/span><\/h3>\n<h4><img loading=\"lazy\" class=\" wp-image-82 alignright\" src=\"https:\/\/www.msopatovice.eu\/wp-content\/uploads\/2020\/01\/2020-01-02-3-300x300.png\" alt=\"\" width=\"403\" height=\"403\" srcset=\"https:\/\/www.msopatovice.eu\/wp-content\/uploads\/2020\/01\/2020-01-02-3-300x300.png 300w, https:\/\/www.msopatovice.eu\/wp-content\/uploads\/2020\/01\/2020-01-02-3-150x150.png 150w, https:\/\/www.msopatovice.eu\/wp-content\/uploads\/2020\/01\/2020-01-02-3.png 657w\" sizes=\"(max-width: 403px) 100vw, 403px\" \/><\/h4>\n<h4><span style=\"color: #000000;\">U H\u0159i\u0161t\u011b 309<\/span><br \/>\n<span style=\"color: #000000;\">664 61 Opatovice<\/span><\/h4>\n<h4><span style=\"color: #000000;\">I\u010cO: 71011030<\/span><br \/>\n<span style=\"color: #000000;\">ID datov\u00e9 schr\u00e1nky: <b>3g7kv2g<br \/>\n<span style=\"color: #000000;\">\u010c\u00edslo bankovn\u00edho \u00fa\u010dtu: 6183568359\/0800<\/span><br \/>\n<\/b><\/span><\/h4>\n<h4><span style=\"color: #ff6600;\">Tel: 547 232 452<\/span><\/h4>\n<h4><span style=\"color: #000000;\">\u0158editelka:<br \/>\n<\/span><br \/>\n<img loading=\"lazy\" class=\"wp-image-8821 alignnone\" src=\"https:\/\/www.msopatovice.eu\/wp-content\/uploads\/2023\/01\/2023-01-23-300x300.jpg\" alt=\"\" width=\"200\" height=\"200\" data-id=\"8821\" srcset=\"https:\/\/www.msopatovice.eu\/wp-content\/uploads\/2023\/01\/2023-01-23-300x300.jpg 300w, https:\/\/www.msopatovice.eu\/wp-content\/uploads\/2023\/01\/2023-01-23-150x150.jpg 150w, https:\/\/www.msopatovice.eu\/wp-content\/uploads\/2023\/01\/2023-01-23.jpg 572w\" sizes=\"(max-width: 200px) 100vw, 200px\" \/><\/h4>\n<h4><span style=\"color: #000000;\">Mgr. Eva Crhov\u00e1<\/span><br \/>\n<span style=\"color: #000000;\">E-mail:<\/span> <a href=\"mailto:reditelka@msopatovice.eu\">reditelka@msopatovice.eu<\/a><\/h4>\n<h4><span style=\"color: #000000;\"><br \/>\nVedouc\u00ed \u0161koln\u00ed j\u00eddelny: <\/span><br \/>\n<span style=\"color: #000000;\">Lenka Povoln\u00e1<\/span><br \/>\n<span style=\"color: #000000;\">E-mail:<\/span> <a href=\"mailto:jidelna@msopatovice.eu\">jidelna@msopatovice.eu<\/a><\/h4>\n<p>&nbsp;<\/p>\n<h4><span style=\"color: #339966;\"><b>Kontakt na t\u0159\u00eddu \u017dABI\u010cKY (U H\u0159i\u0161t\u011b 309):\u00a0<\/b><\/span><\/h4>\n<h4><span style=\"font-weight: 400; color: #000000;\">Telefonn\u00ed \u010d\u00edslo: 547 232 452<br \/>\n<\/span><span style=\"color: #000000;\"><span style=\"font-weight: 400;\">Psan\u00ed zpr\u00e1v p\u0159es aplikaci Na\u0161e M\u0160 p\u0159\u00edmo t\u0159\u00edd\u011b \u017dabi\u010dky<br \/>\n<\/span><\/span><span style=\"font-weight: 400; color: #000000;\">Telefonn\u00ed \u010d\u00edslo na \u0159editelku \u0161koly: 721 093\u00a0196<\/span><\/h4>\n<h4><\/h4>\n<p>&nbsp;<\/p>\n<h4><span style=\"color: #ff0000;\"><b>Kontakt na t\u0159\u00eddu BERU\u0160KY (Poln\u00ed 79):\u00a0<\/b><\/span><\/h4>\n<h4><b><\/b><span style=\"font-weight: 400; color: #000000;\">Telefonn\u00ed \u010d\u00edslo: 772 722 508<br \/>\n<\/span><span style=\"font-weight: 400; color: #000000;\">Psan\u00ed zpr\u00e1v p\u0159es aplikaci Na\u0161e M\u0160 p\u0159\u00edmo t\u0159\u00edd\u011b Beru\u0161ky<br \/>\n<\/span><span style=\"font-weight: 400; color: #000000;\">Telefonn\u00ed \u010d\u00edslo na \u0159editelku \u0161koly: 721 093\u00a0196<\/span><\/h4>\n<h4><span style=\"font-weight: 400;\">\u00a0<\/span><\/h4>\n<p>&nbsp;<\/p>\n<h4><span style=\"color: #000000;\">Pov\u011b\u0159enec pro ochranu osobn\u00edch \u00fadaj\u016f:<\/span><br \/>\n<span style=\"color: #000000;\">Luk\u00e1\u0161 Koci\u00e1n<\/span><br \/>\n<span style=\"color: #000000;\">Tel: 725 654 319<\/span><br \/>\n<span style=\"color: #000000;\">E-mail:<\/span> <a href=\"mailto:gdpr@jkaccounting.cz\">gdpr@jkaccounting.cz<\/a><\/h4>\n<p>&nbsp;<\/p>\n<p>&nbsp;<\/p>\n<p><img loading=\"lazy\" class=\"alignnone size-full wp-image-6\" src=\"https:\/\/www.msopatovice.eu\/wp-content\/uploads\/2019\/10\/blucina.cz_webmaster_logo.png\" alt=\"\" width=\"200\" height=\"200\" data-id=\"6\" srcset=\"https:\/\/www.msopatovice.eu\/wp-content\/uploads\/2019\/10\/blucina.cz_webmaster_logo.png 200w, https:\/\/www.msopatovice.eu\/wp-content\/uploads\/2019\/10\/blucina.cz_webmaster_logo-150x150.png 150w\" sizes=\"(max-width: 200px) 100vw, 200px\" \/><\/p>\n<p><span style=\"color: #000000;\"><strong>Provoz n\u00e1m zaji\u0161\u0165uje:<\/strong><\/span> <a href=\"http:\/\/www.blucina.net\/\">http:\/\/www.blucina.net\/<\/a><\/p>\n<p>&nbsp;<\/p>\n","protected":false},"excerpt":{"rendered":"<p>Mate\u0159sk\u00e1 \u0161kola Opatovice, okres Brno-venkov, p\u0159\u00edsp\u011bvkov\u00e1 organizace U H\u0159i\u0161t\u011b 309 664 61 Opatovice I\u010cO: 71011030 ID datov\u00e9 schr\u00e1nky: 3g7kv2g \u010c\u00edslo bankovn\u00edho \u00fa\u010dtu: 6183568359\/0800 Tel: 547 232 452 \u0158editelka: Mgr. Eva Crhov\u00e1 E-mail: reditelka@msopatovice.eu Vedouc\u00ed \u0161koln\u00ed j\u00eddelny: Lenka Povoln\u00e1 E-mail: jidelna@msopatovice.eu &nbsp; Kontakt na t\u0159\u00eddu \u017dABI\u010cKY (U H\u0159i\u0161t\u011b 309):\u00a0 Telefonn\u00ed \u010d\u00edslo: 547 232 452 Psan\u00ed zpr\u00e1v &hellip; <\/p>\n<p><a class=\"more-link btn\" href=\"https:\/\/www.msopatovice.eu\/index.php\/kontakt\/\">Continue reading<\/a><\/p>\n","protected":false},"author":2,"featured_media":0,"parent":0,"menu_order":9,"comment_status":"closed","ping_status":"closed","template":"","meta":{"_expiration-date-status":"","_expiration-date":0,"_expiration-date-type":"","_expiration-date-categories":[],"_expiration-date-options":[]},"_links":{"self":[{"href":"https:\/\/www.msopatovice.eu\/index.php\/wp-json\/wp\/v2\/pages\/31"}],"collection":[{"href":"https:\/\/www.msopatovice.eu\/index.php\/wp-json\/wp\/v2\/pages"}],"about":[{"href":"https:\/\/www.msopatovice.eu\/index.php\/wp-json\/wp\/v2\/types\/page"}],"author":[{"embeddable":true,"href":"https:\/\/www.msopatovice.eu\/index.php\/wp-json\/wp\/v2\/users\/2"}],"replies":[{"embeddable":true,"href":"https:\/\/www.msopatovice.eu\/index.php\/wp-json\/wp\/v2\/comments?post=31"}],"version-history":[{"count":50,"href":"https:\/\/www.msopatovice.eu\/index.php\/wp-json\/wp\/v2\/pages\/31\/revisions"}],"predecessor-version":[{"id":14306,"href":"https:\/\/www.msopatovice.eu\/index.php\/wp-json\/wp\/v2\/pages\/31\/revisions\/14306"}],"wp:attachment":[{"href":"https:\/\/www.msopatovice.eu\/index.php\/wp-json\/wp\/v2\/media?parent=31"}],"curies":[{"name":"wp","href":"https:\/\/api.w.org\/{rel}","templated":true}]}}