{"id":29,"date":"2020-01-02T11:00:04","date_gmt":"2020-01-02T10:00:04","guid":{"rendered":"http:\/\/www.msopatovice.eu\/?page_id=29"},"modified":"2026-01-08T07:09:29","modified_gmt":"2026-01-08T06:09:29","slug":"rozpocty","status":"publish","type":"page","link":"https:\/\/www.msopatovice.eu\/index.php\/rozpocty\/","title":{"rendered":"Rozpo\u010dty"},"content":{"rendered":"<h3><span style=\"color: #0000ff;\">SCHV\u00c1LEN\u00dd ROZPO\u010cET pro rok 2026<\/span><\/h3>\n<h3 class=\"cvi text-to-speech\"><span style=\"color: #000000;\">Rozpo\u010det M\u0160 2026 ke sta\u017een\u00ed <a href=\"https:\/\/www.msopatovice.eu\/wp-content\/uploads\/2026\/01\/Materska-skola-Opatovice-Rozpocet-2026-el..pdf\">ZDE.<\/a><\/span><\/h3>\n<hr \/>\n<h3><span style=\"color: #000000;\"><span style=\"color: #0000ff;\">N\u00e1vrh rozpo\u010dtu M\u0160 na rok 2026<\/span> ke sta\u017een\u00ed<\/span> <a href=\"https:\/\/www.msopatovice.eu\/wp-content\/uploads\/2025\/11\/MS-Opatovice-Navrh-rozpoctu-na-rok-2026.pdf\">ZDE<\/a><\/h3>\n<p>(zve\u0159ejn\u011bno 27. 11. 2025)<\/p>\n<hr \/>\n<h3><span style=\"color: #0000ff;\">SCHV\u00c1LEN\u00dd ROZPO\u010cET pro rok 2025<\/span><\/h3>\n<h3 class=\"cvi text-to-speech\"><span style=\"color: #000000;\">Rozpo\u010det M\u0160 2025 ke sta\u017een\u00ed <a href=\"https:\/\/www.msopatovice.eu\/wp-content\/uploads\/2025\/11\/MS-schvaleny-rozpocet-na-rok-2025.pdf\">ZDE.<\/a><br \/>\nSt\u0159edn\u011bdob\u00fd v\u00fdhled rozpo\u010dtu M\u0160 2026-2028 ke sta\u017een\u00ed <a href=\"https:\/\/www.msopatovice.eu\/wp-content\/uploads\/2025\/11\/MS-Opatovice-strednedoby-vyhled-2026-2028-1.pdf\">ZDE<\/a>.<\/span><\/h3>\n<p>&nbsp;<\/p>\n<hr \/>\n<h3><span style=\"color: #808080;\">SCHV\u00c1LEN\u00dd ROZPO\u010cET pro rok 2024<\/span><\/h3>\n<h3 class=\"cvi text-to-speech\"><span style=\"color: #808080;\">Rozpo\u010det M\u0160 2024 ke sta\u017een\u00ed <a style=\"color: #808080;\" href=\"https:\/\/www.msopatovice.eu\/wp-content\/uploads\/2023\/12\/navrh-rozpoctu-MS-na-rok-2024.pdf\">ZDE<\/a>.<\/span><\/h3>\n<hr \/>\n<p>&nbsp;<\/p>\n<h3><span style=\"color: #808080;\">SCHV\u00c1LEN\u00dd ROZPO\u010cET pro rok 2023<\/span><\/h3>\n<h3 class=\"cvi text-to-speech\"><span style=\"color: #808080;\">Rozpo\u010det M\u0160 2023; st\u0159edn\u011bdob\u00fd v\u00fdhled rozpo\u010dtu M\u0160 2024-2026 ke sta\u017een\u00ed <a style=\"color: #808080;\" href=\"https:\/\/www.msopatovice.eu\/wp-content\/uploads\/2023\/01\/Rozpocty-MS.pdf\">ZDE<\/a><a style=\"color: #808080;\" href=\"https:\/\/www.msopatovice.eu\/wp-content\/uploads\/2023\/01\/Rozpocty-MS.pdf\">.<\/a><\/span><\/h3>\n<hr \/>\n<h3><span style=\"color: #808080;\">SCHV\u00c1LEN\u00dd ROZPO\u010cET pro rok 2022<\/span><\/h3>\n<p><span style=\"color: #808080;\"><img loading=\"lazy\" class=\"alignnone wp-image-5040\" src=\"https:\/\/www.msopatovice.eu\/wp-content\/uploads\/2021\/12\/2021-12-01-300x194.png\" alt=\"\" width=\"625\" height=\"404\" data-id=\"5040\" srcset=\"https:\/\/www.msopatovice.eu\/wp-content\/uploads\/2021\/12\/2021-12-01-300x194.png 300w, https:\/\/www.msopatovice.eu\/wp-content\/uploads\/2021\/12\/2021-12-01-1024x662.png 1024w, https:\/\/www.msopatovice.eu\/wp-content\/uploads\/2021\/12\/2021-12-01-768x496.png 768w, https:\/\/www.msopatovice.eu\/wp-content\/uploads\/2021\/12\/2021-12-01.png 1252w\" sizes=\"(max-width: 625px) 100vw, 625px\" \/><\/span><\/p>\n<p><span style=\"color: #808080;\"><strong>Sta\u017een\u00ed ve form\u00e1tu pdf zde:<br \/>\n<\/strong><a style=\"color: #808080;\" href=\"https:\/\/www.msopatovice.eu\/wp-content\/uploads\/2021\/12\/Rozpo\u010det-2022.pdf\">Rozpo\u010det 2022<\/a><\/span><\/p>\n<h3><\/h3>\n<hr \/>\n<h3><span style=\"color: #808080;\">SCHV\u00c1LEN\u00dd ROZPO\u010cET pro rok 2021<\/span><\/h3>\n<p><span style=\"color: #808080;\"><img loading=\"lazy\" class=\"alignnone wp-image-3165\" src=\"https:\/\/www.msopatovice.eu\/wp-content\/uploads\/2021\/01\/2021-01-14-2-268x300.png\" alt=\"\" width=\"625\" height=\"699\" data-id=\"3165\" srcset=\"https:\/\/www.msopatovice.eu\/wp-content\/uploads\/2021\/01\/2021-01-14-2-268x300.png 268w, https:\/\/www.msopatovice.eu\/wp-content\/uploads\/2021\/01\/2021-01-14-2-768x859.png 768w, https:\/\/www.msopatovice.eu\/wp-content\/uploads\/2021\/01\/2021-01-14-2.png 906w\" sizes=\"(max-width: 625px) 100vw, 625px\" \/><\/span><\/p>\n<p><span style=\"color: #808080;\"><strong>Sta\u017een\u00ed ve form\u00e1tu pdf zde:\u00a0<\/strong><\/span><br \/>\n<span style=\"color: #808080;\"><a style=\"color: #808080;\" href=\"https:\/\/www.msopatovice.eu\/wp-content\/uploads\/2021\/01\/St\u0159edn\u011bdob\u00fd-v\u00fdhled-na-roky-2022-2024.pdf\">St\u0159edn\u011bdob\u00fd v\u00fdhled na roky 2022-2024<\/a><\/span><br \/>\n<span style=\"color: #808080;\"><a style=\"color: #808080;\" href=\"https:\/\/www.msopatovice.eu\/wp-content\/uploads\/2021\/01\/Rozpo\u010det-transferu-na-provoz-z-\u00daSC-na-rok-2021.pdf\">Rozpo\u010det transferu na provoz z \u00daSC na rok 2021<\/a><\/span><\/p>\n","protected":false},"excerpt":{"rendered":"<p>SCHV\u00c1LEN\u00dd ROZPO\u010cET pro rok 2026 Rozpo\u010det M\u0160 2026 ke sta\u017een\u00ed ZDE. N\u00e1vrh rozpo\u010dtu M\u0160 na rok 2026 ke sta\u017een\u00ed ZDE (zve\u0159ejn\u011bno 27. 11. 2025) SCHV\u00c1LEN\u00dd ROZPO\u010cET pro rok 2025 Rozpo\u010det M\u0160 2025 ke sta\u017een\u00ed ZDE. St\u0159edn\u011bdob\u00fd v\u00fdhled rozpo\u010dtu M\u0160 2026-2028 ke sta\u017een\u00ed ZDE. &nbsp; SCHV\u00c1LEN\u00dd ROZPO\u010cET pro rok 2024 Rozpo\u010det M\u0160 2024 ke sta\u017een\u00ed ZDE. &hellip; <\/p>\n<p><a class=\"more-link btn\" href=\"https:\/\/www.msopatovice.eu\/index.php\/rozpocty\/\">Continue reading<\/a><\/p>\n","protected":false},"author":2,"featured_media":0,"parent":0,"menu_order":8,"comment_status":"closed","ping_status":"closed","template":"","meta":{"_expiration-date-status":"","_expiration-date":0,"_expiration-date-type":"","_expiration-date-categories":[],"_expiration-date-options":[]},"_links":{"self":[{"href":"https:\/\/www.msopatovice.eu\/index.php\/wp-json\/wp\/v2\/pages\/29"}],"collection":[{"href":"https:\/\/www.msopatovice.eu\/index.php\/wp-json\/wp\/v2\/pages"}],"about":[{"href":"https:\/\/www.msopatovice.eu\/index.php\/wp-json\/wp\/v2\/types\/page"}],"author":[{"embeddable":true,"href":"https:\/\/www.msopatovice.eu\/index.php\/wp-json\/wp\/v2\/users\/2"}],"replies":[{"embeddable":true,"href":"https:\/\/www.msopatovice.eu\/index.php\/wp-json\/wp\/v2\/comments?post=29"}],"version-history":[{"count":18,"href":"https:\/\/www.msopatovice.eu\/index.php\/wp-json\/wp\/v2\/pages\/29\/revisions"}],"predecessor-version":[{"id":14446,"href":"https:\/\/www.msopatovice.eu\/index.php\/wp-json\/wp\/v2\/pages\/29\/revisions\/14446"}],"wp:attachment":[{"href":"https:\/\/www.msopatovice.eu\/index.php\/wp-json\/wp\/v2\/media?parent=29"}],"curies":[{"name":"wp","href":"https:\/\/api.w.org\/{rel}","templated":true}]}}