{"id":2427,"date":"2020-11-04T11:04:28","date_gmt":"2020-11-04T10:04:28","guid":{"rendered":"http:\/\/www.msopatovice.eu\/?page_id=2427"},"modified":"2025-09-15T15:00:49","modified_gmt":"2025-09-15T13:00:49","slug":"stravovani","status":"publish","type":"page","link":"https:\/\/www.msopatovice.eu\/index.php\/stravovani\/stravovani\/","title":{"rendered":"Stravov\u00e1n\u00ed"},"content":{"rendered":"<h4><span style=\"color: #ff0000;\">\u0160koln\u00ed stravov\u00e1n\u00ed b\u011bhem rekonstrukce M\u0160 Opatovice k 1. 9. 2025<\/span><\/h4>\n<h4>Platby \u0161koln\u00e9ho a stravn\u00e9ho:<br \/>\nKa\u017ed\u00fd obdr\u017e\u00ed individu\u00e1ln\u00ed informace o platb\u00e1ch na pap\u00ed\u0159e.<\/h4>\n<h4>Odhla\u0161ov\u00e1n\u00ed stravy:<br \/>\nOdhla\u0161ov\u00e1n\u00ed prov\u00e1d\u011bjte i nad\u00e1le v M\u0160 Opatovice.<br \/>\nV p\u0159\u00edpad\u011b n\u00e1hl\u00e9 nep\u0159\u00edtomnosti se prvn\u00ed den ob\u011bd vyd\u00e1 do p\u0159inesen\u00fdch n\u00e1dob.<br \/>\nVyzvedn\u011bte si jej tam, kde chod\u00ed va\u0161e d\u00edtko do t\u0159\u00eddy v 11:45-12:00.<\/h4>\n<h4>V dob\u011b ostatn\u00ed nep\u0159\u00edtomnosti je nutn\u00e9 ob\u011bdy odhl\u00e1sit 1 den p\u0159edem, nejpozd\u011bji do 10.00 hodin na den n\u00e1sleduj\u00edc\u00ed (nap\u0159. v \u00fater\u00fd do 10:00 omluv\u00edte ob\u011bd na st\u0159edu).<\/h4>\n<h4>Pokud nen\u00ed d\u00edt\u011b \u0159\u00e1dn\u011b odhl\u00e1\u0161eno, strava je zapo\u010d\u00edt\u00e1na.<br \/>\nPokud je d\u00edt\u011b odhl\u00e1\u0161eno do odvol\u00e1n\u00ed, je pot\u0159eba ho den p\u0159edem ke stravov\u00e1n\u00ed nahl\u00e1sit.<\/h4>\n<h4>* p\u0159es omluvenky v aplikaci Na\u0161e M\u0160<br \/>\n* telefonicky: 547 232 452<br \/>\n* e-mailem: jidelna@msopatovice.eu<\/h4>\n<h4>D\u011bkujeme za pochopen\u00ed a spolupr\u00e1ci! Va\u0161e M\u0160 Opatovice<\/h4>\n<hr \/>\n<p>&nbsp;<\/p>\n<p><span style=\"color: #333333;\">P\u0159esn\u00edd\u00e1vky a sva\u010dinky d\u011bt\u00ed v Mate\u0159sk\u00e9 \u0161kole zaji\u0161\u0165uje \u0161koln\u00ed kuchyn\u011b v Mate\u0159sk\u00e9 \u0161kole Opatovice. Ob\u011bdy se dov\u00e1\u017e\u00ed z Mate\u0159sk\u00e9 \u0161koly Blu\u010dina. Jeliko\u017e je M\u0160 p\u0159\u00edsp\u011bvkov\u00e1 organizace, na stravn\u00e9 vyb\u00edr\u00e1me pen\u00edze z\u00e1lohov\u011b v\u017edy v polovin\u011b p\u0159\u00edslu\u0161n\u00e9ho m\u011bs\u00edce dop\u0159edu.<\/span><\/p>\n<p><strong><u>Platby \u0161koln\u00e9ho a stravn\u00e9ho:<\/u><\/strong><\/p>\n<p>Nastavte si, pros\u00edm, platby k 15. 9. 2025.<\/p>\n<p><strong>Mlad\u0161\u00ed d\u011bti 2-3 roky a 4-6 let<\/strong>, \u0161koln\u00e9 + platba za sva\u010dinky, ob\u011b kategorie stejn\u00e1 cena za stejn\u00e9 mno\u017estv\u00ed j\u00eddla:<\/p>\n<p>\u010c\u00e1stka: <strong>1 191 K\u010d<\/strong> (\u0161koln\u00e9 750 K\u010d + 441 K\u010d), (p\u0159esn\u00edd\u00e1vka 13 K\u010d, sva\u010dinka 8 K\u010d)<\/p>\n<p><strong>P\u0159ed\u0161kol\u00e1ci sva\u010dinky:<\/strong><\/p>\n<p>\u010c\u00e1stka: <strong>441 K\u010d<\/strong> (p\u0159esn\u00edd\u00e1vka 13 K\u010d, sva\u010dinka 8 K\u010d)<\/p>\n<p><strong>P\u0159ed\u0161kol\u00e1ci O\u0160D<\/strong> sva\u010dinky:<\/p>\n<p>\u010c\u00e1stka: <strong>462 K\u010d<\/strong> (p\u0159esn\u00edd\u00e1vka 14 K\u010d, sva\u010dinka 8 K\u010d)<\/p>\n<p>\u010c\u00edslo \u00fa\u010dtu: <strong>6183568359\/0800<\/strong><\/p>\n<p>&nbsp;<\/p>\n<p><strong>Platba za dov\u00e1\u017een\u00e9 dob\u011bdy z Blu\u010diny:<\/strong><\/p>\n<p><strong>mlad\u0161\u00ed d\u011bti a p\u0159ed\u0161kol\u00e1ci:<\/strong><\/p>\n<p>\u010c\u00e1stka: <strong>520 K\u010d<\/strong> (26 K\u010d za ob\u011bd)<\/p>\n<p><strong>p\u0159ed\u0161kol\u00e1ci O\u0160D:<\/strong><\/p>\n<p>\u010c\u00e1stka: <strong>560 K\u010d<\/strong> (28 K\u010d za ob\u011bd)<\/p>\n<p>\u010c\u00edslo \u00fa\u010dtu: <strong>115-7815050297\/0100<\/strong><\/p>\n<p>&nbsp;<\/p>\n<p>Pros\u00edme o uv\u00e1d\u011bn\u00ed <strong>variabiln\u00edch symbol\u016f<\/strong>.<\/p>\n<p>&nbsp;<\/p>\n<h4><\/h4>\n","protected":false},"excerpt":{"rendered":"<p>\u0160koln\u00ed stravov\u00e1n\u00ed b\u011bhem rekonstrukce M\u0160 Opatovice k 1. 9. 2025 Platby \u0161koln\u00e9ho a stravn\u00e9ho: Ka\u017ed\u00fd obdr\u017e\u00ed individu\u00e1ln\u00ed informace o platb\u00e1ch na pap\u00ed\u0159e. Odhla\u0161ov\u00e1n\u00ed stravy: Odhla\u0161ov\u00e1n\u00ed prov\u00e1d\u011bjte i nad\u00e1le v M\u0160 Opatovice. V p\u0159\u00edpad\u011b n\u00e1hl\u00e9 nep\u0159\u00edtomnosti se prvn\u00ed den ob\u011bd vyd\u00e1 do p\u0159inesen\u00fdch n\u00e1dob. Vyzvedn\u011bte si jej tam, kde chod\u00ed va\u0161e d\u00edtko do t\u0159\u00eddy v 11:45-12:00. &hellip; <\/p>\n<p><a class=\"more-link btn\" href=\"https:\/\/www.msopatovice.eu\/index.php\/stravovani\/stravovani\/\">Continue reading<\/a><\/p>\n","protected":false},"author":2,"featured_media":0,"parent":20,"menu_order":0,"comment_status":"closed","ping_status":"closed","template":"","meta":{"_expiration-date-status":"","_expiration-date":0,"_expiration-date-type":"","_expiration-date-categories":[],"_expiration-date-options":[]},"_links":{"self":[{"href":"https:\/\/www.msopatovice.eu\/index.php\/wp-json\/wp\/v2\/pages\/2427"}],"collection":[{"href":"https:\/\/www.msopatovice.eu\/index.php\/wp-json\/wp\/v2\/pages"}],"about":[{"href":"https:\/\/www.msopatovice.eu\/index.php\/wp-json\/wp\/v2\/types\/page"}],"author":[{"embeddable":true,"href":"https:\/\/www.msopatovice.eu\/index.php\/wp-json\/wp\/v2\/users\/2"}],"replies":[{"embeddable":true,"href":"https:\/\/www.msopatovice.eu\/index.php\/wp-json\/wp\/v2\/comments?post=2427"}],"version-history":[{"count":34,"href":"https:\/\/www.msopatovice.eu\/index.php\/wp-json\/wp\/v2\/pages\/2427\/revisions"}],"predecessor-version":[{"id":14335,"href":"https:\/\/www.msopatovice.eu\/index.php\/wp-json\/wp\/v2\/pages\/2427\/revisions\/14335"}],"up":[{"embeddable":true,"href":"https:\/\/www.msopatovice.eu\/index.php\/wp-json\/wp\/v2\/pages\/20"}],"wp:attachment":[{"href":"https:\/\/www.msopatovice.eu\/index.php\/wp-json\/wp\/v2\/media?parent=2427"}],"curies":[{"name":"wp","href":"https:\/\/api.w.org\/{rel}","templated":true}]}}