{"id":2256,"date":"2020-10-26T09:02:37","date_gmt":"2020-10-26T08:02:37","guid":{"rendered":"http:\/\/www.msopatovice.eu\/?page_id=2256"},"modified":"2020-11-05T17:33:35","modified_gmt":"2020-11-05T16:33:35","slug":"projekt-iii","status":"publish","type":"page","link":"https:\/\/www.msopatovice.eu\/index.php\/projekt\/projekt-iii\/","title":{"rendered":"Projekt III"},"content":{"rendered":"<h4><img loading=\"lazy\" class=\"alignnone wp-image-2250\" src=\"https:\/\/www.msopatovice.eu\/wp-content\/uploads\/2020\/10\/logo_projekt-300x66.jpg\" alt=\"\" width=\"582\" height=\"128\" data-id=\"2250\" srcset=\"https:\/\/www.msopatovice.eu\/wp-content\/uploads\/2020\/10\/logo_projekt-300x66.jpg 300w, https:\/\/www.msopatovice.eu\/wp-content\/uploads\/2020\/10\/logo_projekt.jpg 605w\" sizes=\"(max-width: 582px) 100vw, 582px\" \/><\/h4>\n<h4><span style=\"font-family: inherit;\"><span style=\"color: #000000;\">Na\u0161e mate\u0159sk\u00e1 \u0161kola je p\u0159\u00edjemcem dotace z projektu s n\u00e1zvem<\/span> <span style=\"color: #0000ff;\">Podpora vzd\u011bl\u00e1v\u00e1n\u00ed formou zjednodu\u0161en\u00e9ho projektu v M\u0160 Opatovice III<\/span> <span style=\"color: #000000;\">v programu Opera\u010dn\u00ed program V\u00fdzkum, v\u00fdvoj a vzd\u011bl\u00e1v\u00e1n\u00ed.<\/span><\/span><\/h4>\n<h4><span style=\"color: #0000ff;\"><strong>Projekt je spolufinancov\u00e1n Evropskou uni\u00ed.<\/strong><\/span><\/h4>\n<h4 class=\"entry-content clearfix\"><span style=\"color: #000000;\">V\u00fd\u0161e poskytnut\u00e9 dotace je 268 452,00\u00a0K\u010d. Projekt je zam\u011b\u0159en na usnadn\u011bn\u00ed p\u0159echodu d\u011bt\u00ed z mate\u0159sk\u00e9 \u0161koly do z\u00e1kladn\u00ed \u0161koly, spolupr\u00e1ce s rodi\u010di d\u011bt\u00ed.<\/span><\/h4>\n<h4><span style=\"color: #000000;\">C\u00edlem je poskytnut\u00ed do\u010dasn\u00e9 person\u00e1ln\u00ed podpory \u2013 \u0161koln\u00edho asistenta mate\u0159sk\u00e9 \u0161kole.<\/span><\/h4>\n<h4><span style=\"color: #000000;\">Datum zah\u00e1jen\u00ed fyzick\u00e9 realizace\u00a0 projektu: 1. 9. 2020<\/span><\/h4>\n<h4><span style=\"color: #000000;\">Datum ukon\u010den\u00ed fyzick\u00e9 realizace projektu: 31. 10. 2021<\/span><\/h4>\n<h4><span style=\"color: #000000;\">Doba realizace projektu: 14 m\u011bs\u00edc\u016f<\/span><\/h4>\n<p><img loading=\"lazy\" class=\"alignnone wp-image-2480\" src=\"https:\/\/www.msopatovice.eu\/wp-content\/uploads\/2020\/11\/2010260439-a3vertical-page-001-212x300.jpg\" alt=\"\" width=\"374\" height=\"530\" data-id=\"2480\" srcset=\"https:\/\/www.msopatovice.eu\/wp-content\/uploads\/2020\/11\/2010260439-a3vertical-page-001-212x300.jpg 212w, https:\/\/www.msopatovice.eu\/wp-content\/uploads\/2020\/11\/2010260439-a3vertical-page-001-724x1024.jpg 724w, https:\/\/www.msopatovice.eu\/wp-content\/uploads\/2020\/11\/2010260439-a3vertical-page-001-768x1086.jpg 768w, https:\/\/www.msopatovice.eu\/wp-content\/uploads\/2020\/11\/2010260439-a3vertical-page-001-1086x1536.jpg 1086w, https:\/\/www.msopatovice.eu\/wp-content\/uploads\/2020\/11\/2010260439-a3vertical-page-001-1448x2048.jpg 1448w, https:\/\/www.msopatovice.eu\/wp-content\/uploads\/2020\/11\/2010260439-a3vertical-page-001.jpg 1132w\" sizes=\"(max-width: 374px) 100vw, 374px\" \/><\/p>\n","protected":false},"excerpt":{"rendered":"<p>Na\u0161e mate\u0159sk\u00e1 \u0161kola je p\u0159\u00edjemcem dotace z projektu s n\u00e1zvem Podpora vzd\u011bl\u00e1v\u00e1n\u00ed formou zjednodu\u0161en\u00e9ho projektu v M\u0160 Opatovice III v programu Opera\u010dn\u00ed program V\u00fdzkum, v\u00fdvoj a vzd\u011bl\u00e1v\u00e1n\u00ed. Projekt je spolufinancov\u00e1n Evropskou uni\u00ed. V\u00fd\u0161e poskytnut\u00e9 dotace je 268 452,00\u00a0K\u010d. Projekt je zam\u011b\u0159en na usnadn\u011bn\u00ed p\u0159echodu d\u011bt\u00ed z mate\u0159sk\u00e9 \u0161koly do z\u00e1kladn\u00ed \u0161koly, spolupr\u00e1ce s rodi\u010di d\u011bt\u00ed. &hellip; <\/p>\n<p><a class=\"more-link btn\" href=\"https:\/\/www.msopatovice.eu\/index.php\/projekt\/projekt-iii\/\">Continue reading<\/a><\/p>\n","protected":false},"author":2,"featured_media":0,"parent":26,"menu_order":0,"comment_status":"closed","ping_status":"closed","template":"","meta":{"_expiration-date-status":"saved","_expiration-date":0,"_expiration-date-type":"","_expiration-date-categories":[],"_expiration-date-options":[]},"_links":{"self":[{"href":"https:\/\/www.msopatovice.eu\/index.php\/wp-json\/wp\/v2\/pages\/2256"}],"collection":[{"href":"https:\/\/www.msopatovice.eu\/index.php\/wp-json\/wp\/v2\/pages"}],"about":[{"href":"https:\/\/www.msopatovice.eu\/index.php\/wp-json\/wp\/v2\/types\/page"}],"author":[{"embeddable":true,"href":"https:\/\/www.msopatovice.eu\/index.php\/wp-json\/wp\/v2\/users\/2"}],"replies":[{"embeddable":true,"href":"https:\/\/www.msopatovice.eu\/index.php\/wp-json\/wp\/v2\/comments?post=2256"}],"version-history":[{"count":12,"href":"https:\/\/www.msopatovice.eu\/index.php\/wp-json\/wp\/v2\/pages\/2256\/revisions"}],"predecessor-version":[{"id":2482,"href":"https:\/\/www.msopatovice.eu\/index.php\/wp-json\/wp\/v2\/pages\/2256\/revisions\/2482"}],"up":[{"embeddable":true,"href":"https:\/\/www.msopatovice.eu\/index.php\/wp-json\/wp\/v2\/pages\/26"}],"wp:attachment":[{"href":"https:\/\/www.msopatovice.eu\/index.php\/wp-json\/wp\/v2\/media?parent=2256"}],"curies":[{"name":"wp","href":"https:\/\/api.w.org\/{rel}","templated":true}]}}