{"id":2161,"date":"2020-10-17T16:25:43","date_gmt":"2020-10-17T14:25:43","guid":{"rendered":"http:\/\/www.msopatovice.eu\/?page_id=2161"},"modified":"2020-10-17T16:25:43","modified_gmt":"2020-10-17T14:25:43","slug":"corona-dance-video","status":"publish","type":"page","link":"https:\/\/www.msopatovice.eu\/index.php\/corona-dance-video\/","title":{"rendered":"Corona dance video"},"content":{"rendered":"<h3 style=\"text-align: center;\"><span style=\"color: #800080;\">Pro\u00a0\u201ena\u0161e\u201c d\u011bti a rodi\u010de<br \/>\njsme nato\u010dili <span style=\"color: #0000ff;\">Corona dance video pro zlep\u0161en\u00ed n\u00e1lady \ud83d\ude42<\/span><br \/>\nZhl\u00e9dnout ho m\u016f\u017eete ve fotogalerii va\u0161\u00ed t\u0159\u00eddy.<\/span><\/h3>\n<p><img loading=\"lazy\" class=\" wp-image-826 aligncenter\" src=\"https:\/\/www.msopatovice.eu\/wp-content\/uploads\/2020\/04\/2020-04-09-2-300x200.png\" alt=\"\" width=\"681\" height=\"454\" data-id=\"826\" srcset=\"https:\/\/www.msopatovice.eu\/wp-content\/uploads\/2020\/04\/2020-04-09-2-300x200.png 300w, https:\/\/www.msopatovice.eu\/wp-content\/uploads\/2020\/04\/2020-04-09-2-1024x682.png 1024w, https:\/\/www.msopatovice.eu\/wp-content\/uploads\/2020\/04\/2020-04-09-2-768x511.png 768w, https:\/\/www.msopatovice.eu\/wp-content\/uploads\/2020\/04\/2020-04-09-2.png 1530w\" sizes=\"(max-width: 681px) 100vw, 681px\" \/><\/p>\n","protected":false},"excerpt":{"rendered":"<p>Pro\u00a0\u201ena\u0161e\u201c d\u011bti a rodi\u010de jsme nato\u010dili Corona dance video pro zlep\u0161en\u00ed n\u00e1lady \ud83d\ude42 Zhl\u00e9dnout ho m\u016f\u017eete ve fotogalerii va\u0161\u00ed t\u0159\u00eddy.<\/p>\n","protected":false},"author":2,"featured_media":0,"parent":0,"menu_order":0,"comment_status":"closed","ping_status":"closed","template":"","meta":{"_expiration-date-status":"saved","_expiration-date":0,"_expiration-date-type":"","_expiration-date-categories":[],"_expiration-date-options":[]},"_links":{"self":[{"href":"https:\/\/www.msopatovice.eu\/index.php\/wp-json\/wp\/v2\/pages\/2161"}],"collection":[{"href":"https:\/\/www.msopatovice.eu\/index.php\/wp-json\/wp\/v2\/pages"}],"about":[{"href":"https:\/\/www.msopatovice.eu\/index.php\/wp-json\/wp\/v2\/types\/page"}],"author":[{"embeddable":true,"href":"https:\/\/www.msopatovice.eu\/index.php\/wp-json\/wp\/v2\/users\/2"}],"replies":[{"embeddable":true,"href":"https:\/\/www.msopatovice.eu\/index.php\/wp-json\/wp\/v2\/comments?post=2161"}],"version-history":[{"count":1,"href":"https:\/\/www.msopatovice.eu\/index.php\/wp-json\/wp\/v2\/pages\/2161\/revisions"}],"predecessor-version":[{"id":2162,"href":"https:\/\/www.msopatovice.eu\/index.php\/wp-json\/wp\/v2\/pages\/2161\/revisions\/2162"}],"wp:attachment":[{"href":"https:\/\/www.msopatovice.eu\/index.php\/wp-json\/wp\/v2\/media?parent=2161"}],"curies":[{"name":"wp","href":"https:\/\/api.w.org\/{rel}","templated":true}]}}