{"id":20,"date":"2020-01-02T10:58:28","date_gmt":"2020-01-02T09:58:28","guid":{"rendered":"http:\/\/www.msopatovice.eu\/?page_id=20"},"modified":"2025-09-15T14:56:56","modified_gmt":"2025-09-15T12:56:56","slug":"stravovani","status":"publish","type":"page","link":"https:\/\/www.msopatovice.eu\/index.php\/stravovani\/","title":{"rendered":"Stravov\u00e1n\u00ed"},"content":{"rendered":"<h4>Aktu\u00e1ln\u011b k 1. 9. 2025<\/h4>\n<h4>Platby \u0161koln\u00e9ho a stravn\u00e9ho:<br \/>\nKa\u017ed\u00fd obdr\u017e\u00ed individu\u00e1ln\u00ed informace o platb\u00e1ch na pap\u00ed\u0159e.<\/h4>\n<h4>Odhla\u0161ov\u00e1n\u00ed stravy:<br \/>\nOdhla\u0161ov\u00e1n\u00ed prov\u00e1d\u011bjte i nad\u00e1le v M\u0160 Opatovice.<br \/>\nV p\u0159\u00edpad\u011b n\u00e1hl\u00e9 nep\u0159\u00edtomnosti se prvn\u00ed den ob\u011bd vyd\u00e1 do p\u0159inesen\u00fdch n\u00e1dob.<br \/>\nVyzvedn\u011bte si jej tam, kde chod\u00ed va\u0161e d\u00edtko do t\u0159\u00eddy ve 11:45-12:00.<\/h4>\n<h4>V dob\u011b ostatn\u00ed nep\u0159\u00edtomnosti je nutn\u00e9 ob\u011bdy odhl\u00e1sit 1 den p\u0159edem, nejpozd\u011bji do 10.00 hodin na den n\u00e1sleduj\u00edc\u00ed (nap\u0159. v \u00fater\u00fd do 10:00 omluv\u00edte ob\u011bd na st\u0159edu).<\/h4>\n<h4>Pokud nen\u00ed d\u00edt\u011b \u0159\u00e1dn\u011b odhl\u00e1\u0161eno, strava je zapo\u010d\u00edt\u00e1na.<br \/>\nPokud je d\u00edt\u011b odhl\u00e1\u0161eno do odvol\u00e1n\u00ed, je pot\u0159eba ho den p\u0159edem ke stravov\u00e1n\u00ed nahl\u00e1sit.<\/h4>\n<h4>* p\u0159es omluvenky v aplikaci Na\u0161e M\u0160<br \/>\n* telefonicky: 547 232 452<br \/>\n* e-mailem: jidelna@msopatovice.eu<\/h4>\n<h4>D\u011bkujeme za pochopen\u00ed a spolupr\u00e1ci! Va\u0161e M\u0160 Opatovice<\/h4>\n<p>&nbsp;<\/p>\n","protected":false},"excerpt":{"rendered":"<p>Aktu\u00e1ln\u011b k 1. 9. 2025 Platby \u0161koln\u00e9ho a stravn\u00e9ho: Ka\u017ed\u00fd obdr\u017e\u00ed individu\u00e1ln\u00ed informace o platb\u00e1ch na pap\u00ed\u0159e. Odhla\u0161ov\u00e1n\u00ed stravy: Odhla\u0161ov\u00e1n\u00ed prov\u00e1d\u011bjte i nad\u00e1le v M\u0160 Opatovice. V p\u0159\u00edpad\u011b n\u00e1hl\u00e9 nep\u0159\u00edtomnosti se prvn\u00ed den ob\u011bd vyd\u00e1 do p\u0159inesen\u00fdch n\u00e1dob. Vyzvedn\u011bte si jej tam, kde chod\u00ed va\u0161e d\u00edtko do t\u0159\u00eddy ve 11:45-12:00. V dob\u011b ostatn\u00ed nep\u0159\u00edtomnosti je &hellip; <\/p>\n<p><a class=\"more-link btn\" href=\"https:\/\/www.msopatovice.eu\/index.php\/stravovani\/\">Continue reading<\/a><\/p>\n","protected":false},"author":2,"featured_media":0,"parent":0,"menu_order":4,"comment_status":"closed","ping_status":"closed","template":"","meta":{"_expiration-date-status":"","_expiration-date":0,"_expiration-date-type":"","_expiration-date-categories":[],"_expiration-date-options":[]},"_links":{"self":[{"href":"https:\/\/www.msopatovice.eu\/index.php\/wp-json\/wp\/v2\/pages\/20"}],"collection":[{"href":"https:\/\/www.msopatovice.eu\/index.php\/wp-json\/wp\/v2\/pages"}],"about":[{"href":"https:\/\/www.msopatovice.eu\/index.php\/wp-json\/wp\/v2\/types\/page"}],"author":[{"embeddable":true,"href":"https:\/\/www.msopatovice.eu\/index.php\/wp-json\/wp\/v2\/users\/2"}],"replies":[{"embeddable":true,"href":"https:\/\/www.msopatovice.eu\/index.php\/wp-json\/wp\/v2\/comments?post=20"}],"version-history":[{"count":17,"href":"https:\/\/www.msopatovice.eu\/index.php\/wp-json\/wp\/v2\/pages\/20\/revisions"}],"predecessor-version":[{"id":14333,"href":"https:\/\/www.msopatovice.eu\/index.php\/wp-json\/wp\/v2\/pages\/20\/revisions\/14333"}],"wp:attachment":[{"href":"https:\/\/www.msopatovice.eu\/index.php\/wp-json\/wp\/v2\/media?parent=20"}],"curies":[{"name":"wp","href":"https:\/\/api.w.org\/{rel}","templated":true}]}}