{"id":14291,"date":"2025-06-23T14:35:24","date_gmt":"2025-06-23T12:35:24","guid":{"rendered":"https:\/\/www.msopatovice.eu\/?page_id=14291"},"modified":"2025-06-23T14:35:24","modified_gmt":"2025-06-23T12:35:24","slug":"projekt-v","status":"publish","type":"page","link":"https:\/\/www.msopatovice.eu\/index.php\/projekt-v\/","title":{"rendered":"Projekt V"},"content":{"rendered":"<h4><img loading=\"lazy\" class=\"alignnone wp-image-8903\" src=\"https:\/\/www.msopatovice.eu\/wp-content\/uploads\/2023\/01\/EUMSMT-Barevne-RGB-300x43.jpg\" alt=\"\" width=\"635\" height=\"91\" data-id=\"8903\" srcset=\"https:\/\/www.msopatovice.eu\/wp-content\/uploads\/2023\/01\/EUMSMT-Barevne-RGB-300x43.jpg 300w, https:\/\/www.msopatovice.eu\/wp-content\/uploads\/2023\/01\/EUMSMT-Barevne-RGB-1024x146.jpg 1024w, https:\/\/www.msopatovice.eu\/wp-content\/uploads\/2023\/01\/EUMSMT-Barevne-RGB-768x109.jpg 768w, https:\/\/www.msopatovice.eu\/wp-content\/uploads\/2023\/01\/EUMSMT-Barevne-RGB-1536x219.jpg 1536w, https:\/\/www.msopatovice.eu\/wp-content\/uploads\/2023\/01\/EUMSMT-Barevne-RGB.jpg 1600w\" sizes=\"(max-width: 635px) 100vw, 635px\" \/><\/h4>\n<h4><span style=\"font-family: inherit;\"><span style=\"color: #000000;\">Na\u0161e mate\u0159sk\u00e1 \u0161kola je p\u0159\u00edjemcem dotace z projektu s n\u00e1zvem<\/span> <span style=\"color: #0000ff;\">M\u0160 Opatovice \u0160ablony II<\/span>\u00a0<span style=\"color: #000000;\">v programu Opera\u010dn\u00ed program Jan Amos Komensk\u00fd.<\/span><\/span><\/h4>\n<h4><span style=\"color: #0000ff;\"><strong>Projekt je spolufinancov\u00e1n Evropskou uni\u00ed.<\/strong><\/span><\/h4>\n<h4 class=\"entry-content clearfix\"><span style=\"color: #000000;\">V\u00fd\u0161e poskytnut\u00e9 dotace je 345 710 K\u010d. <\/span><\/h4>\n<h4><span style=\"color: #000000;\">C\u00edlem je poskytnut\u00ed do\u010dasn\u00e9 person\u00e1ln\u00ed podpory \u2013 \u0161koln\u00edho asistenta mate\u0159sk\u00e9 \u0161kole.<\/span><\/h4>\n<h4><span style=\"color: #000000;\">Datum zah\u00e1jen\u00ed fyzick\u00e9 realizace projektu: 1. 9. 2024<\/span><\/h4>\n<h4><span style=\"color: #000000;\">Datum ukon\u010den\u00ed fyzick\u00e9 realizace projektu: 31. 8. 2027<\/span><\/h4>\n","protected":false},"excerpt":{"rendered":"<p>Na\u0161e mate\u0159sk\u00e1 \u0161kola je p\u0159\u00edjemcem dotace z projektu s n\u00e1zvem M\u0160 Opatovice \u0160ablony II\u00a0v programu Opera\u010dn\u00ed program Jan Amos Komensk\u00fd. Projekt je spolufinancov\u00e1n Evropskou uni\u00ed. V\u00fd\u0161e poskytnut\u00e9 dotace je 345 710 K\u010d. C\u00edlem je poskytnut\u00ed do\u010dasn\u00e9 person\u00e1ln\u00ed podpory \u2013 \u0161koln\u00edho asistenta mate\u0159sk\u00e9 \u0161kole. Datum zah\u00e1jen\u00ed fyzick\u00e9 realizace projektu: 1. 9. 2024 Datum ukon\u010den\u00ed fyzick\u00e9 realizace &hellip; <\/p>\n<p><a class=\"more-link btn\" href=\"https:\/\/www.msopatovice.eu\/index.php\/projekt-v\/\">Continue reading<\/a><\/p>\n","protected":false},"author":2,"featured_media":0,"parent":0,"menu_order":0,"comment_status":"closed","ping_status":"closed","template":"","meta":{"_expiration-date-status":"","_expiration-date":0,"_expiration-date-type":"","_expiration-date-categories":[],"_expiration-date-options":[]},"_links":{"self":[{"href":"https:\/\/www.msopatovice.eu\/index.php\/wp-json\/wp\/v2\/pages\/14291"}],"collection":[{"href":"https:\/\/www.msopatovice.eu\/index.php\/wp-json\/wp\/v2\/pages"}],"about":[{"href":"https:\/\/www.msopatovice.eu\/index.php\/wp-json\/wp\/v2\/types\/page"}],"author":[{"embeddable":true,"href":"https:\/\/www.msopatovice.eu\/index.php\/wp-json\/wp\/v2\/users\/2"}],"replies":[{"embeddable":true,"href":"https:\/\/www.msopatovice.eu\/index.php\/wp-json\/wp\/v2\/comments?post=14291"}],"version-history":[{"count":1,"href":"https:\/\/www.msopatovice.eu\/index.php\/wp-json\/wp\/v2\/pages\/14291\/revisions"}],"predecessor-version":[{"id":14292,"href":"https:\/\/www.msopatovice.eu\/index.php\/wp-json\/wp\/v2\/pages\/14291\/revisions\/14292"}],"wp:attachment":[{"href":"https:\/\/www.msopatovice.eu\/index.php\/wp-json\/wp\/v2\/media?parent=14291"}],"curies":[{"name":"wp","href":"https:\/\/api.w.org\/{rel}","templated":true}]}}