{"id":140,"date":"2020-01-03T11:54:40","date_gmt":"2020-01-03T10:54:40","guid":{"rendered":"http:\/\/www.msopatovice.eu\/?page_id=140"},"modified":"2020-10-04T18:08:20","modified_gmt":"2020-10-04T16:08:20","slug":"informace-ke-skolnimu-roku","status":"publish","type":"page","link":"https:\/\/www.msopatovice.eu\/index.php\/o-nas\/informace-ke-skolnimu-roku\/","title":{"rendered":"Informace ke \u0161koln\u00edmu roku"},"content":{"rendered":"<h3><span style=\"color: #ff6600;\">Co d\u011bti pot\u0159ebuj\u00ed do \u0161kolky:<\/span><\/h3>\n<p><span style=\"color: #ff00ff;\"><strong>do herny: <\/strong><\/span>hrac\u00ed kalhoty nebo tepl\u00e1ky, pono\u017eky, d\u011bv\u010data hrac\u00ed \u0161ate\u010dky, tri\u010dko, suk\u00fdnku nejl\u00e9pe s kapsi\u010dkou na kapesn\u00edk, papu\u010de (z bezpe\u010dnostn\u00edch d\u016fvod\u016f nedoporu\u010dujeme pantofle)<\/p>\n<p><span style=\"color: #ff00ff;\"><strong>na zahradu:\u00a0<\/strong><\/span>star\u0161\u00ed oble\u010den\u00ed a boty dle aktu\u00e1ln\u00edho po\u010das\u00ed<\/p>\n<p><span style=\"color: #ff00ff;\"><strong>na odpo\u010dinek po ob\u011bd\u011b:\u00a0<\/strong><\/span>py\u017eamo, no\u010dn\u00ed ko\u0161ilku,\u00a0men\u0161\u00ed pol\u0161t\u00e1\u0159ek<\/p>\n<p><strong><span style=\"color: #ff00ff;\">do sk\u0159\u00ed\u0148ky:<\/span>\u00a0<\/strong>bal\u00ed\u010dek pap\u00edrov\u00fdch kapesn\u00edk\u016f,\u00a0n\u00e1hradn\u00ed oble\u010den\u00ed<\/p>\n<p><strong><span style=\"color: #ff00ff;\">Popros\u00edme v\u00e1s, abyste v\u011bci sv\u00fdch d\u011bt\u00ed podepsali \u010di jinak ozna\u010dili.\u00a0<\/span><\/strong><\/p>\n","protected":false},"excerpt":{"rendered":"<p>Co d\u011bti pot\u0159ebuj\u00ed do \u0161kolky: do herny: hrac\u00ed kalhoty nebo tepl\u00e1ky, pono\u017eky, d\u011bv\u010data hrac\u00ed \u0161ate\u010dky, tri\u010dko, suk\u00fdnku nejl\u00e9pe s kapsi\u010dkou na kapesn\u00edk, papu\u010de (z bezpe\u010dnostn\u00edch d\u016fvod\u016f nedoporu\u010dujeme pantofle) na zahradu:\u00a0star\u0161\u00ed oble\u010den\u00ed a boty dle aktu\u00e1ln\u00edho po\u010das\u00ed na odpo\u010dinek po ob\u011bd\u011b:\u00a0py\u017eamo, no\u010dn\u00ed ko\u0161ilku,\u00a0men\u0161\u00ed pol\u0161t\u00e1\u0159ek do sk\u0159\u00ed\u0148ky:\u00a0bal\u00ed\u010dek pap\u00edrov\u00fdch kapesn\u00edk\u016f,\u00a0n\u00e1hradn\u00ed oble\u010den\u00ed Popros\u00edme v\u00e1s, abyste v\u011bci sv\u00fdch d\u011bt\u00ed podepsali &hellip; <\/p>\n<p><a class=\"more-link btn\" href=\"https:\/\/www.msopatovice.eu\/index.php\/o-nas\/informace-ke-skolnimu-roku\/\">Continue reading<\/a><\/p>\n","protected":false},"author":2,"featured_media":0,"parent":14,"menu_order":2,"comment_status":"closed","ping_status":"closed","template":"","meta":{"_expiration-date-status":"saved","_expiration-date":0,"_expiration-date-type":"","_expiration-date-categories":[],"_expiration-date-options":[]},"_links":{"self":[{"href":"https:\/\/www.msopatovice.eu\/index.php\/wp-json\/wp\/v2\/pages\/140"}],"collection":[{"href":"https:\/\/www.msopatovice.eu\/index.php\/wp-json\/wp\/v2\/pages"}],"about":[{"href":"https:\/\/www.msopatovice.eu\/index.php\/wp-json\/wp\/v2\/types\/page"}],"author":[{"embeddable":true,"href":"https:\/\/www.msopatovice.eu\/index.php\/wp-json\/wp\/v2\/users\/2"}],"replies":[{"embeddable":true,"href":"https:\/\/www.msopatovice.eu\/index.php\/wp-json\/wp\/v2\/comments?post=140"}],"version-history":[{"count":4,"href":"https:\/\/www.msopatovice.eu\/index.php\/wp-json\/wp\/v2\/pages\/140\/revisions"}],"predecessor-version":[{"id":2065,"href":"https:\/\/www.msopatovice.eu\/index.php\/wp-json\/wp\/v2\/pages\/140\/revisions\/2065"}],"up":[{"embeddable":true,"href":"https:\/\/www.msopatovice.eu\/index.php\/wp-json\/wp\/v2\/pages\/14"}],"wp:attachment":[{"href":"https:\/\/www.msopatovice.eu\/index.php\/wp-json\/wp\/v2\/media?parent=140"}],"curies":[{"name":"wp","href":"https:\/\/api.w.org\/{rel}","templated":true}]}}