{"id":14,"date":"2020-01-02T10:55:33","date_gmt":"2020-01-02T09:55:33","guid":{"rendered":"http:\/\/www.msopatovice.eu\/?page_id=14"},"modified":"2020-01-03T12:00:56","modified_gmt":"2020-01-03T11:00:56","slug":"o-nas","status":"publish","type":"page","link":"https:\/\/www.msopatovice.eu\/index.php\/o-nas\/","title":{"rendered":"O n\u00e1s"},"content":{"rendered":"<p><b>V na\u0161\u00ed mate\u0159sk\u00e9 \u0161kole usilujeme o rozv\u00edjen\u00ed d\u011bt\u00ed a jejich pozn\u00e1v\u00e1n\u00ed na z\u00e1klad\u011b modern\u00edch v\u011bdeck\u00fdch poznatk\u016f, p\u0159izp\u016fsoben\u00fdch specifik\u016fm d\u011bt\u00ed p\u0159ed\u0161koln\u00edho v\u011bku. Ve vazb\u011b na rodinnou v\u00fdchovu zaji\u0161\u0165ujeme d\u011btem prost\u0159ed\u00ed s dostatkem podn\u011bt\u016f k jeho aktivn\u00edmu rozvoji a u\u010den\u00ed, podm\u00ednky osvo<\/b><b>je<\/b><b>n\u00ed z<\/b><b>\u00e1klad\u016f hodnot, na nich\u017e je zal<\/b><b>o\u017eena na\u0161e spole\u010dnost. <\/b><\/p>\n<p><b>V d\u011btech rozv\u00edj\u00edme zdrav\u011b sebev\u011bdom\u00e9, samostatn\u00e9 osobnosti, kter\u00e9 se neboj\u00ed projevit ve spole\u010dnosti,\u00a0<\/b>d<b>ok\u00e1\u017e\u00ed se rozhodovat, v\u00ed, kam se obr\u00e1tit pro radu a informace. Um\u00ed up\u0159ednostnit svoje klady a sou\u010dasn\u011b se vyrovnat s negativy. V\u011bk<\/b><b>ov\u011b sm\u00ed\u0161en\u00e9 t\u0159\u00eddy vytv\u00e1\u0159\u00ed vhodn\u00e9 soci\u00e1ln\u00ed prost\u0159ed\u00ed.<\/b><\/p>\n","protected":false},"excerpt":{"rendered":"<p>V na\u0161\u00ed mate\u0159sk\u00e9 \u0161kole usilujeme o rozv\u00edjen\u00ed d\u011bt\u00ed a jejich pozn\u00e1v\u00e1n\u00ed na z\u00e1klad\u011b modern\u00edch v\u011bdeck\u00fdch poznatk\u016f, p\u0159izp\u016fsoben\u00fdch specifik\u016fm d\u011bt\u00ed p\u0159ed\u0161koln\u00edho v\u011bku. Ve vazb\u011b na rodinnou v\u00fdchovu zaji\u0161\u0165ujeme d\u011btem prost\u0159ed\u00ed s dostatkem podn\u011bt\u016f k jeho aktivn\u00edmu rozvoji a u\u010den\u00ed, podm\u00ednky osvojen\u00ed z\u00e1klad\u016f hodnot, na nich\u017e je zalo\u017eena na\u0161e spole\u010dnost. V d\u011btech rozv\u00edj\u00edme zdrav\u011b sebev\u011bdom\u00e9, samostatn\u00e9 osobnosti, &hellip; <\/p>\n<p><a class=\"more-link btn\" href=\"https:\/\/www.msopatovice.eu\/index.php\/o-nas\/\">Continue reading<\/a><\/p>\n","protected":false},"author":2,"featured_media":85,"parent":0,"menu_order":1,"comment_status":"closed","ping_status":"closed","template":"template-threecolumnsleft.php","meta":{"_expiration-date-status":"","_expiration-date":0,"_expiration-date-type":"","_expiration-date-categories":[],"_expiration-date-options":[]},"_links":{"self":[{"href":"https:\/\/www.msopatovice.eu\/index.php\/wp-json\/wp\/v2\/pages\/14"}],"collection":[{"href":"https:\/\/www.msopatovice.eu\/index.php\/wp-json\/wp\/v2\/pages"}],"about":[{"href":"https:\/\/www.msopatovice.eu\/index.php\/wp-json\/wp\/v2\/types\/page"}],"author":[{"embeddable":true,"href":"https:\/\/www.msopatovice.eu\/index.php\/wp-json\/wp\/v2\/users\/2"}],"replies":[{"embeddable":true,"href":"https:\/\/www.msopatovice.eu\/index.php\/wp-json\/wp\/v2\/comments?post=14"}],"version-history":[{"count":1,"href":"https:\/\/www.msopatovice.eu\/index.php\/wp-json\/wp\/v2\/pages\/14\/revisions"}],"predecessor-version":[{"id":15,"href":"https:\/\/www.msopatovice.eu\/index.php\/wp-json\/wp\/v2\/pages\/14\/revisions\/15"}],"wp:featuredmedia":[{"embeddable":true,"href":"https:\/\/www.msopatovice.eu\/index.php\/wp-json\/wp\/v2\/media\/85"}],"wp:attachment":[{"href":"https:\/\/www.msopatovice.eu\/index.php\/wp-json\/wp\/v2\/media?parent=14"}],"curies":[{"name":"wp","href":"https:\/\/api.w.org\/{rel}","templated":true}]}}