{"id":12576,"date":"2024-03-20T10:03:20","date_gmt":"2024-03-20T09:03:20","guid":{"rendered":"https:\/\/www.msopatovice.eu\/?page_id=12576"},"modified":"2024-03-20T10:03:20","modified_gmt":"2024-03-20T09:03:20","slug":"digitalizujeme-skolu","status":"publish","type":"page","link":"https:\/\/www.msopatovice.eu\/index.php\/digitalizujeme-skolu\/","title":{"rendered":"Digitalizujeme \u0161kolu"},"content":{"rendered":"<h4><span style=\"color: #000000;\">Mate\u0159sk\u00e1 \u0161kola Opatovice byla v roce 2022 p\u0159\u00edjemcem dotace:<\/span><\/h4>\n<p><img loading=\"lazy\" class=\"alignnone  wp-image-12577\" src=\"https:\/\/www.msopatovice.eu\/wp-content\/uploads\/2024\/03\/2024-03-20-220x300.png\" alt=\"\" width=\"428\" height=\"584\" data-id=\"12577\" srcset=\"https:\/\/www.msopatovice.eu\/wp-content\/uploads\/2024\/03\/2024-03-20-220x300.png 220w, https:\/\/www.msopatovice.eu\/wp-content\/uploads\/2024\/03\/2024-03-20-750x1024.png 750w, https:\/\/www.msopatovice.eu\/wp-content\/uploads\/2024\/03\/2024-03-20-768x1048.png 768w, https:\/\/www.msopatovice.eu\/wp-content\/uploads\/2024\/03\/2024-03-20.png 845w\" sizes=\"(max-width: 428px) 100vw, 428px\" \/><\/p>\n<h4><span style=\"color: #000000;\">Plak\u00e1t ve form\u00e1tu pdf:\u00a0<\/span><span style=\"color: #000080;\"><a style=\"color: #000080;\" href=\"https:\/\/www.msopatovice.eu\/wp-content\/uploads\/2024\/03\/priloha_1326753549_5_Vzor-publicity-cil-174-\u2013-digitalni-ucebni-pomucky.pdf\">Publicita \u2013 digit\u00e1ln\u00ed u\u010debn\u00ed pom\u016fcky<\/a><\/span><\/h4>\n","protected":false},"excerpt":{"rendered":"<p>Mate\u0159sk\u00e1 \u0161kola Opatovice byla v roce 2022 p\u0159\u00edjemcem dotace: Plak\u00e1t ve form\u00e1tu pdf:\u00a0Publicita \u2013 digit\u00e1ln\u00ed u\u010debn\u00ed pom\u016fcky<\/p>\n","protected":false},"author":2,"featured_media":0,"parent":0,"menu_order":0,"comment_status":"closed","ping_status":"closed","template":"","meta":{"_expiration-date-status":"","_expiration-date":0,"_expiration-date-type":"","_expiration-date-categories":[],"_expiration-date-options":[]},"_links":{"self":[{"href":"https:\/\/www.msopatovice.eu\/index.php\/wp-json\/wp\/v2\/pages\/12576"}],"collection":[{"href":"https:\/\/www.msopatovice.eu\/index.php\/wp-json\/wp\/v2\/pages"}],"about":[{"href":"https:\/\/www.msopatovice.eu\/index.php\/wp-json\/wp\/v2\/types\/page"}],"author":[{"embeddable":true,"href":"https:\/\/www.msopatovice.eu\/index.php\/wp-json\/wp\/v2\/users\/2"}],"replies":[{"embeddable":true,"href":"https:\/\/www.msopatovice.eu\/index.php\/wp-json\/wp\/v2\/comments?post=12576"}],"version-history":[{"count":1,"href":"https:\/\/www.msopatovice.eu\/index.php\/wp-json\/wp\/v2\/pages\/12576\/revisions"}],"predecessor-version":[{"id":12579,"href":"https:\/\/www.msopatovice.eu\/index.php\/wp-json\/wp\/v2\/pages\/12576\/revisions\/12579"}],"wp:attachment":[{"href":"https:\/\/www.msopatovice.eu\/index.php\/wp-json\/wp\/v2\/media?parent=12576"}],"curies":[{"name":"wp","href":"https:\/\/api.w.org\/{rel}","templated":true}]}}