{"id":125,"date":"2020-01-03T11:18:07","date_gmt":"2020-01-03T10:18:07","guid":{"rendered":"http:\/\/www.msopatovice.eu\/?page_id=125"},"modified":"2020-10-26T16:18:54","modified_gmt":"2020-10-26T15:18:54","slug":"projekt-ii","status":"publish","type":"page","link":"https:\/\/www.msopatovice.eu\/index.php\/projekt\/projekt-ii\/","title":{"rendered":"Projekt II"},"content":{"rendered":"<h4><img loading=\"lazy\" class=\"alignnone wp-image-2250\" src=\"https:\/\/www.msopatovice.eu\/wp-content\/uploads\/2020\/10\/logo_projekt-300x66.jpg\" alt=\"\" width=\"632\" height=\"139\" data-id=\"2250\" srcset=\"https:\/\/www.msopatovice.eu\/wp-content\/uploads\/2020\/10\/logo_projekt-300x66.jpg 300w, https:\/\/www.msopatovice.eu\/wp-content\/uploads\/2020\/10\/logo_projekt.jpg 605w\" sizes=\"(max-width: 632px) 100vw, 632px\" \/><\/h4>\n<h4><span style=\"color: #000000;\">Na\u0161e mate\u0159sk\u00e1 \u0161kola byla p\u0159\u00edjemcem dotace z projektu s n\u00e1zvem <strong><span style=\"color: #0000ff;\">Podpora vzd\u011bl\u00e1v\u00e1n\u00ed formou zjednodu\u0161en\u00e9ho projektu v M\u0160 Opatovice II<\/span>\u00a0<\/strong>v programu Opera\u010dn\u00ed program V\u00fdzkum, v\u00fdvoj a vzd\u011bl\u00e1v\u00e1n\u00ed.<\/span><\/h4>\n<h4><span style=\"color: #0000ff;\"><strong>Projekt byl spolufinancov\u00e1n Evropskou uni\u00ed.<\/strong><\/span><\/h4>\n<h4><span style=\"color: #000000;\">V\u00fd\u0161e poskytnut\u00e9 dotace byla 419 572,00 K\u010d. Projekt byl zam\u011b\u0159en na zv\u00fd\u0161en\u00ed kvality p\u0159ed\u0161koln\u00edho vzd\u011bl\u00e1v\u00e1n\u00ed v\u010detn\u011b usnadn\u011bn\u00ed p\u0159echodu d\u011bt\u00ed na Z\u0160.<\/span><\/h4>\n<h4><span style=\"color: #000000;\">C\u00edlem bylo poskytnut\u00ed do\u010dasn\u00e9 person\u00e1ln\u00ed podpory &#8211; \u0161koln\u00edho asistenta mate\u0159sk\u00e9 \u0161kole.<\/span><\/h4>\n<h4><span style=\"color: #000000;\">Datum zah\u00e1jen\u00ed fyzick\u00e9 realizace\u00a0 projektu: 1. 9. 2018<\/span><\/h4>\n<h4><span style=\"color: #000000;\">Datum ukon\u010den\u00ed fyzick\u00e9 realizace projektu: 31. 8. 2020<\/span><\/h4>\n<h4><span style=\"color: #000000;\">Doba\u00a0realizace projektu: 24 m\u011bs\u00edc\u016f<\/span><\/h4>\n<p><img loading=\"lazy\" class=\"alignnone wp-image-604\" src=\"https:\/\/www.msopatovice.eu\/wp-content\/uploads\/2020\/02\/Obr\u00e1zek3-205x300.jpg\" alt=\"\" width=\"313\" height=\"458\" data-id=\"604\" srcset=\"https:\/\/www.msopatovice.eu\/wp-content\/uploads\/2020\/02\/Obr\u00e1zek3-205x300.jpg 205w, https:\/\/www.msopatovice.eu\/wp-content\/uploads\/2020\/02\/Obr\u00e1zek3.jpg 698w\" sizes=\"(max-width: 313px) 100vw, 313px\" \/><\/p>\n","protected":false},"excerpt":{"rendered":"<p>Na\u0161e mate\u0159sk\u00e1 \u0161kola byla p\u0159\u00edjemcem dotace z projektu s n\u00e1zvem Podpora vzd\u011bl\u00e1v\u00e1n\u00ed formou zjednodu\u0161en\u00e9ho projektu v M\u0160 Opatovice II\u00a0v programu Opera\u010dn\u00ed program V\u00fdzkum, v\u00fdvoj a vzd\u011bl\u00e1v\u00e1n\u00ed. Projekt byl spolufinancov\u00e1n Evropskou uni\u00ed. V\u00fd\u0161e poskytnut\u00e9 dotace byla 419 572,00 K\u010d. Projekt byl zam\u011b\u0159en na zv\u00fd\u0161en\u00ed kvality p\u0159ed\u0161koln\u00edho vzd\u011bl\u00e1v\u00e1n\u00ed v\u010detn\u011b usnadn\u011bn\u00ed p\u0159echodu d\u011bt\u00ed na Z\u0160. C\u00edlem bylo poskytnut\u00ed &hellip; <\/p>\n<p><a class=\"more-link btn\" href=\"https:\/\/www.msopatovice.eu\/index.php\/projekt\/projekt-ii\/\">Continue reading<\/a><\/p>\n","protected":false},"author":2,"featured_media":0,"parent":26,"menu_order":0,"comment_status":"closed","ping_status":"closed","template":"","meta":{"_expiration-date-status":"saved","_expiration-date":0,"_expiration-date-type":"","_expiration-date-categories":[],"_expiration-date-options":[]},"_links":{"self":[{"href":"https:\/\/www.msopatovice.eu\/index.php\/wp-json\/wp\/v2\/pages\/125"}],"collection":[{"href":"https:\/\/www.msopatovice.eu\/index.php\/wp-json\/wp\/v2\/pages"}],"about":[{"href":"https:\/\/www.msopatovice.eu\/index.php\/wp-json\/wp\/v2\/types\/page"}],"author":[{"embeddable":true,"href":"https:\/\/www.msopatovice.eu\/index.php\/wp-json\/wp\/v2\/users\/2"}],"replies":[{"embeddable":true,"href":"https:\/\/www.msopatovice.eu\/index.php\/wp-json\/wp\/v2\/comments?post=125"}],"version-history":[{"count":8,"href":"https:\/\/www.msopatovice.eu\/index.php\/wp-json\/wp\/v2\/pages\/125\/revisions"}],"predecessor-version":[{"id":2297,"href":"https:\/\/www.msopatovice.eu\/index.php\/wp-json\/wp\/v2\/pages\/125\/revisions\/2297"}],"up":[{"embeddable":true,"href":"https:\/\/www.msopatovice.eu\/index.php\/wp-json\/wp\/v2\/pages\/26"}],"wp:attachment":[{"href":"https:\/\/www.msopatovice.eu\/index.php\/wp-json\/wp\/v2\/media?parent=125"}],"curies":[{"name":"wp","href":"https:\/\/api.w.org\/{rel}","templated":true}]}}