{"id":1226,"date":"2020-05-08T20:04:54","date_gmt":"2020-05-08T18:04:54","guid":{"rendered":"http:\/\/www.msopatovice.eu\/?page_id=1226"},"modified":"2025-08-25T19:26:01","modified_gmt":"2025-08-25T17:26:01","slug":"jak-se-stavi-skolka","status":"publish","type":"page","link":"https:\/\/www.msopatovice.eu\/index.php\/fotogalerie\/jak-se-stavi-skolka\/","title":{"rendered":"Jak se stav\u00ed \u0161kolka 2015"},"content":{"rendered":"<h2 style=\"text-align: center;\"><span style=\"color: #00ccff;\"><strong>Jak se stav\u00ed \u0161kolka?<\/strong><\/span><\/h2>\n<h3 style=\"text-align: center;\"><span style=\"color: #0000ff;\"><strong>My jsme v roce 2015 v\u0161echno pozorovali a u\u017e to v\u00edme\u2026<\/strong><\/span><\/h3>\n<h3><span style=\"color: #0000ff;\"><img loading=\"lazy\" class=\"alignnone wp-image-1216\" src=\"https:\/\/www.msopatovice.eu\/wp-content\/uploads\/2020\/05\/DSCN2578-300x225.jpg\" alt=\"\" width=\"495\" height=\"371\" data-id=\"1216\" srcset=\"https:\/\/www.msopatovice.eu\/wp-content\/uploads\/2020\/05\/DSCN2578-300x225.jpg 300w, https:\/\/www.msopatovice.eu\/wp-content\/uploads\/2020\/05\/DSCN2578-1024x768.jpg 1024w, https:\/\/www.msopatovice.eu\/wp-content\/uploads\/2020\/05\/DSCN2578-768x576.jpg 768w, https:\/\/www.msopatovice.eu\/wp-content\/uploads\/2020\/05\/DSCN2578-1536x1152.jpg 1536w, https:\/\/www.msopatovice.eu\/wp-content\/uploads\/2020\/05\/DSCN2578-2048x1536.jpg 2048w, https:\/\/www.msopatovice.eu\/wp-content\/uploads\/2020\/05\/DSCN2578-scaled.jpg 1600w\" sizes=\"(max-width: 495px) 100vw, 495px\" \/><\/span><\/h3>\n<h3><span style=\"color: #0000ff;\"><strong>Pozorovali jsme, co to p\u0159ijelo za velk\u00e9 auto\u2026<\/strong><\/span><\/h3>\n<h3><span style=\"color: #0000ff;\"><img loading=\"lazy\" class=\"alignnone  wp-image-1243\" src=\"https:\/\/www.msopatovice.eu\/wp-content\/uploads\/2020\/05\/20150206_082741-225x300.jpg\" alt=\"\" width=\"361\" height=\"482\" data-id=\"1243\" srcset=\"https:\/\/www.msopatovice.eu\/wp-content\/uploads\/2020\/05\/20150206_082741-225x300.jpg 225w, https:\/\/www.msopatovice.eu\/wp-content\/uploads\/2020\/05\/20150206_082741-768x1024.jpg 768w, https:\/\/www.msopatovice.eu\/wp-content\/uploads\/2020\/05\/20150206_082741-1152x1536.jpg 1152w, https:\/\/www.msopatovice.eu\/wp-content\/uploads\/2020\/05\/20150206_082741-1536x2048.jpg 1536w, https:\/\/www.msopatovice.eu\/wp-content\/uploads\/2020\/05\/20150206_082741-scaled.jpg 1200w\" sizes=\"(max-width: 361px) 100vw, 361px\" \/><\/span><\/h3>\n<h3><span style=\"color: #0000ff;\"><img loading=\"lazy\" class=\"alignnone wp-image-1214\" src=\"https:\/\/www.msopatovice.eu\/wp-content\/uploads\/2020\/05\/20150206_095153-300x225.jpg\" alt=\"\" width=\"520\" height=\"390\" data-id=\"1214\" srcset=\"https:\/\/www.msopatovice.eu\/wp-content\/uploads\/2020\/05\/20150206_095153-300x225.jpg 300w, https:\/\/www.msopatovice.eu\/wp-content\/uploads\/2020\/05\/20150206_095153-1024x768.jpg 1024w, https:\/\/www.msopatovice.eu\/wp-content\/uploads\/2020\/05\/20150206_095153-768x576.jpg 768w, https:\/\/www.msopatovice.eu\/wp-content\/uploads\/2020\/05\/20150206_095153-1536x1152.jpg 1536w, https:\/\/www.msopatovice.eu\/wp-content\/uploads\/2020\/05\/20150206_095153-2048x1536.jpg 2048w, https:\/\/www.msopatovice.eu\/wp-content\/uploads\/2020\/05\/20150206_095153-scaled.jpg 1600w\" sizes=\"(max-width: 520px) 100vw, 520px\" \/><\/span><\/h3>\n<h3><span style=\"color: #0000ff;\"><strong>Honem jsme se p\u0159evl\u00e9kli a \u0161li jsme se pod\u00edvat zbl\u00edzka\u2026<\/strong><\/span><\/h3>\n<h3><span style=\"color: #0000ff;\"><img loading=\"lazy\" class=\"alignnone wp-image-1215\" src=\"https:\/\/www.msopatovice.eu\/wp-content\/uploads\/2020\/05\/20150213_112753-300x225.jpg\" alt=\"\" width=\"555\" height=\"416\" data-id=\"1215\" srcset=\"https:\/\/www.msopatovice.eu\/wp-content\/uploads\/2020\/05\/20150213_112753-300x225.jpg 300w, https:\/\/www.msopatovice.eu\/wp-content\/uploads\/2020\/05\/20150213_112753-1024x768.jpg 1024w, https:\/\/www.msopatovice.eu\/wp-content\/uploads\/2020\/05\/20150213_112753-768x576.jpg 768w, https:\/\/www.msopatovice.eu\/wp-content\/uploads\/2020\/05\/20150213_112753-1536x1152.jpg 1536w, https:\/\/www.msopatovice.eu\/wp-content\/uploads\/2020\/05\/20150213_112753-2048x1536.jpg 2048w, https:\/\/www.msopatovice.eu\/wp-content\/uploads\/2020\/05\/20150213_112753-scaled.jpg 1600w\" sizes=\"(max-width: 555px) 100vw, 555px\" \/><\/span><\/h3>\n<h3 style=\"font-family: Lato, sans-serif;\"><span style=\"color: #0000ff;\"><strong>Za\u010d\u00edn\u00e1 se chystat n\u011bco, co n\u00e1m p\u0159ipom\u00edn\u00e1 podlahu\u2026<\/strong><\/span><\/h3>\n<h3><span style=\"color: #0000ff;\"><img loading=\"lazy\" class=\"alignnone wp-image-1217\" src=\"https:\/\/www.msopatovice.eu\/wp-content\/uploads\/2020\/05\/DSCN2587-300x225.jpg\" alt=\"\" width=\"528\" height=\"396\" data-id=\"1217\" srcset=\"https:\/\/www.msopatovice.eu\/wp-content\/uploads\/2020\/05\/DSCN2587-300x225.jpg 300w, https:\/\/www.msopatovice.eu\/wp-content\/uploads\/2020\/05\/DSCN2587-1024x768.jpg 1024w, https:\/\/www.msopatovice.eu\/wp-content\/uploads\/2020\/05\/DSCN2587-768x576.jpg 768w, https:\/\/www.msopatovice.eu\/wp-content\/uploads\/2020\/05\/DSCN2587-1536x1152.jpg 1536w, https:\/\/www.msopatovice.eu\/wp-content\/uploads\/2020\/05\/DSCN2587-2048x1536.jpg 2048w, https:\/\/www.msopatovice.eu\/wp-content\/uploads\/2020\/05\/DSCN2587-scaled.jpg 1600w\" sizes=\"(max-width: 528px) 100vw, 528px\" \/><\/span><\/h3>\n<h3><span style=\"color: #0000ff;\"><strong>Potom beton uhladili zvl\u00e1\u0161tn\u00edm n\u00e1strojem\u2026<\/strong><\/span><\/h3>\n<h3><span style=\"color: #0000ff;\"><img loading=\"lazy\" class=\"alignnone wp-image-1227\" src=\"https:\/\/www.msopatovice.eu\/wp-content\/uploads\/2020\/05\/20150213_120504-300x225.jpg\" alt=\"\" width=\"472\" height=\"354\" data-id=\"1227\" srcset=\"https:\/\/www.msopatovice.eu\/wp-content\/uploads\/2020\/05\/20150213_120504-300x225.jpg 300w, https:\/\/www.msopatovice.eu\/wp-content\/uploads\/2020\/05\/20150213_120504-1024x768.jpg 1024w, https:\/\/www.msopatovice.eu\/wp-content\/uploads\/2020\/05\/20150213_120504-768x576.jpg 768w, https:\/\/www.msopatovice.eu\/wp-content\/uploads\/2020\/05\/20150213_120504-1536x1152.jpg 1536w, https:\/\/www.msopatovice.eu\/wp-content\/uploads\/2020\/05\/20150213_120504-2048x1536.jpg 2048w, https:\/\/www.msopatovice.eu\/wp-content\/uploads\/2020\/05\/20150213_120504-scaled.jpg 1600w\" sizes=\"(max-width: 472px) 100vw, 472px\" \/><\/span><\/h3>\n<h3><span style=\"color: #0000ff;\"><strong>Za p\u00e1r dn\u00ed p\u0159ijelo dal\u0161\u00ed velk\u00e9 auto, tentokr\u00e1t to byl je\u0159\u00e1b\u2026<\/strong><\/span><\/h3>\n<h3><span style=\"color: #0000ff;\"><img loading=\"lazy\" class=\"alignnone wp-image-1228\" src=\"https:\/\/www.msopatovice.eu\/wp-content\/uploads\/2020\/05\/DSCN2601-300x225.jpg\" alt=\"\" width=\"542\" height=\"406\" data-id=\"1228\" srcset=\"https:\/\/www.msopatovice.eu\/wp-content\/uploads\/2020\/05\/DSCN2601-300x225.jpg 300w, https:\/\/www.msopatovice.eu\/wp-content\/uploads\/2020\/05\/DSCN2601-1024x768.jpg 1024w, https:\/\/www.msopatovice.eu\/wp-content\/uploads\/2020\/05\/DSCN2601-768x576.jpg 768w, https:\/\/www.msopatovice.eu\/wp-content\/uploads\/2020\/05\/DSCN2601-1536x1152.jpg 1536w, https:\/\/www.msopatovice.eu\/wp-content\/uploads\/2020\/05\/DSCN2601-2048x1536.jpg 2048w, https:\/\/www.msopatovice.eu\/wp-content\/uploads\/2020\/05\/DSCN2601-scaled.jpg 1600w\" sizes=\"(max-width: 542px) 100vw, 542px\" \/><\/span><\/h3>\n<h3><span style=\"color: #0000ff;\"><strong>U\u017e to m\u00e1me pod st\u0159echou\u2026<\/strong><\/span><\/h3>\n<h3><span style=\"color: #0000ff;\"><img loading=\"lazy\" class=\"alignnone wp-image-1219\" src=\"https:\/\/www.msopatovice.eu\/wp-content\/uploads\/2020\/05\/DSCN2602-300x225.jpg\" alt=\"\" width=\"548\" height=\"411\" data-id=\"1219\" srcset=\"https:\/\/www.msopatovice.eu\/wp-content\/uploads\/2020\/05\/DSCN2602-300x225.jpg 300w, https:\/\/www.msopatovice.eu\/wp-content\/uploads\/2020\/05\/DSCN2602-1024x768.jpg 1024w, https:\/\/www.msopatovice.eu\/wp-content\/uploads\/2020\/05\/DSCN2602-768x576.jpg 768w, https:\/\/www.msopatovice.eu\/wp-content\/uploads\/2020\/05\/DSCN2602-1536x1152.jpg 1536w, https:\/\/www.msopatovice.eu\/wp-content\/uploads\/2020\/05\/DSCN2602-2048x1536.jpg 2048w, https:\/\/www.msopatovice.eu\/wp-content\/uploads\/2020\/05\/DSCN2602-scaled.jpg 1600w\" sizes=\"(max-width: 548px) 100vw, 548px\" \/><\/span><\/h3>\n<h3><span style=\"color: #0000ff;\"><img loading=\"lazy\" class=\"alignnone wp-image-1220\" src=\"https:\/\/www.msopatovice.eu\/wp-content\/uploads\/2020\/05\/DSCN2604-300x225.jpg\" alt=\"\" width=\"556\" height=\"417\" data-id=\"1220\" srcset=\"https:\/\/www.msopatovice.eu\/wp-content\/uploads\/2020\/05\/DSCN2604-300x225.jpg 300w, https:\/\/www.msopatovice.eu\/wp-content\/uploads\/2020\/05\/DSCN2604-1024x768.jpg 1024w, https:\/\/www.msopatovice.eu\/wp-content\/uploads\/2020\/05\/DSCN2604-768x576.jpg 768w, https:\/\/www.msopatovice.eu\/wp-content\/uploads\/2020\/05\/DSCN2604-1536x1152.jpg 1536w, https:\/\/www.msopatovice.eu\/wp-content\/uploads\/2020\/05\/DSCN2604-2048x1536.jpg 2048w, https:\/\/www.msopatovice.eu\/wp-content\/uploads\/2020\/05\/DSCN2604-scaled.jpg 1600w\" sizes=\"(max-width: 556px) 100vw, 556px\" \/><\/span><\/h3>\n<h3><span style=\"color: #0000ff;\"><strong>Jeden, dva, t\u0159i, te\u010f, postav\u00edme ze\u010f\u2026<\/strong><\/span><\/h3>\n<h3><span style=\"color: #0000ff;\"><img loading=\"lazy\" class=\"alignnone wp-image-1229\" src=\"https:\/\/www.msopatovice.eu\/wp-content\/uploads\/2020\/05\/DSCN2606-300x225.jpg\" alt=\"\" width=\"534\" height=\"400\" data-id=\"1229\" srcset=\"https:\/\/www.msopatovice.eu\/wp-content\/uploads\/2020\/05\/DSCN2606-300x225.jpg 300w, https:\/\/www.msopatovice.eu\/wp-content\/uploads\/2020\/05\/DSCN2606-1024x768.jpg 1024w, https:\/\/www.msopatovice.eu\/wp-content\/uploads\/2020\/05\/DSCN2606-768x576.jpg 768w, https:\/\/www.msopatovice.eu\/wp-content\/uploads\/2020\/05\/DSCN2606-1536x1152.jpg 1536w, https:\/\/www.msopatovice.eu\/wp-content\/uploads\/2020\/05\/DSCN2606-2048x1536.jpg 2048w, https:\/\/www.msopatovice.eu\/wp-content\/uploads\/2020\/05\/DSCN2606-scaled.jpg 1600w\" sizes=\"(max-width: 534px) 100vw, 534px\" \/>\u00a0<\/span><\/h3>\n<h3><span style=\"color: #0000ff;\"><img loading=\"lazy\" class=\"alignnone wp-image-1221\" src=\"https:\/\/www.msopatovice.eu\/wp-content\/uploads\/2020\/05\/DSCN2607-300x225.jpg\" alt=\"\" width=\"538\" height=\"403\" data-id=\"1221\" srcset=\"https:\/\/www.msopatovice.eu\/wp-content\/uploads\/2020\/05\/DSCN2607-300x225.jpg 300w, https:\/\/www.msopatovice.eu\/wp-content\/uploads\/2020\/05\/DSCN2607-1024x768.jpg 1024w, https:\/\/www.msopatovice.eu\/wp-content\/uploads\/2020\/05\/DSCN2607-768x576.jpg 768w, https:\/\/www.msopatovice.eu\/wp-content\/uploads\/2020\/05\/DSCN2607-1536x1152.jpg 1536w, https:\/\/www.msopatovice.eu\/wp-content\/uploads\/2020\/05\/DSCN2607-2048x1536.jpg 2048w, https:\/\/www.msopatovice.eu\/wp-content\/uploads\/2020\/05\/DSCN2607-scaled.jpg 1600w\" sizes=\"(max-width: 538px) 100vw, 538px\" \/><\/span><\/h3>\n<p><img loading=\"lazy\" class=\"alignnone wp-image-1222\" src=\"https:\/\/www.msopatovice.eu\/wp-content\/uploads\/2020\/05\/DSCN2628-300x225.jpg\" alt=\"\" width=\"535\" height=\"401\" data-id=\"1222\" srcset=\"https:\/\/www.msopatovice.eu\/wp-content\/uploads\/2020\/05\/DSCN2628-300x225.jpg 300w, https:\/\/www.msopatovice.eu\/wp-content\/uploads\/2020\/05\/DSCN2628-1024x768.jpg 1024w, https:\/\/www.msopatovice.eu\/wp-content\/uploads\/2020\/05\/DSCN2628-768x576.jpg 768w, https:\/\/www.msopatovice.eu\/wp-content\/uploads\/2020\/05\/DSCN2628-1536x1152.jpg 1536w, https:\/\/www.msopatovice.eu\/wp-content\/uploads\/2020\/05\/DSCN2628-2048x1536.jpg 2048w, https:\/\/www.msopatovice.eu\/wp-content\/uploads\/2020\/05\/DSCN2628-scaled.jpg 1600w\" sizes=\"(max-width: 535px) 100vw, 535px\" \/><\/p>\n<p><img loading=\"lazy\" class=\"alignnone wp-image-1225\" src=\"https:\/\/www.msopatovice.eu\/wp-content\/uploads\/2020\/05\/DSCN2636-300x225.jpg\" alt=\"\" width=\"529\" height=\"397\" data-id=\"1225\" srcset=\"https:\/\/www.msopatovice.eu\/wp-content\/uploads\/2020\/05\/DSCN2636-300x225.jpg 300w, https:\/\/www.msopatovice.eu\/wp-content\/uploads\/2020\/05\/DSCN2636-1024x768.jpg 1024w, https:\/\/www.msopatovice.eu\/wp-content\/uploads\/2020\/05\/DSCN2636-768x576.jpg 768w, https:\/\/www.msopatovice.eu\/wp-content\/uploads\/2020\/05\/DSCN2636-1536x1152.jpg 1536w, https:\/\/www.msopatovice.eu\/wp-content\/uploads\/2020\/05\/DSCN2636-2048x1536.jpg 2048w, https:\/\/www.msopatovice.eu\/wp-content\/uploads\/2020\/05\/DSCN2636-scaled.jpg 1600w\" sizes=\"(max-width: 529px) 100vw, 529px\" \/><\/p>\n<p><img loading=\"lazy\" class=\"alignnone wp-image-1223\" src=\"https:\/\/www.msopatovice.eu\/wp-content\/uploads\/2020\/05\/DSCN2632-300x225.jpg\" alt=\"\" width=\"511\" height=\"383\" data-id=\"1223\" srcset=\"https:\/\/www.msopatovice.eu\/wp-content\/uploads\/2020\/05\/DSCN2632-300x225.jpg 300w, https:\/\/www.msopatovice.eu\/wp-content\/uploads\/2020\/05\/DSCN2632-1024x768.jpg 1024w, https:\/\/www.msopatovice.eu\/wp-content\/uploads\/2020\/05\/DSCN2632-768x576.jpg 768w, https:\/\/www.msopatovice.eu\/wp-content\/uploads\/2020\/05\/DSCN2632-1536x1152.jpg 1536w, https:\/\/www.msopatovice.eu\/wp-content\/uploads\/2020\/05\/DSCN2632-2048x1536.jpg 2048w, https:\/\/www.msopatovice.eu\/wp-content\/uploads\/2020\/05\/DSCN2632-scaled.jpg 1600w\" sizes=\"(max-width: 511px) 100vw, 511px\" \/><\/p>\n<h3 style=\"font-family: Lato, sans-serif;\"><span style=\"color: #0000ff;\"><strong>Stav\u011bli zedn\u00edci, stav\u011bli le\u0161en\u00ed\u2026<\/strong><\/span><\/h3>\n<p><img loading=\"lazy\" class=\"alignnone wp-image-1224\" src=\"https:\/\/www.msopatovice.eu\/wp-content\/uploads\/2020\/05\/DSCN2634-300x225.jpg\" alt=\"\" width=\"529\" height=\"397\" data-id=\"1224\" srcset=\"https:\/\/www.msopatovice.eu\/wp-content\/uploads\/2020\/05\/DSCN2634-300x225.jpg 300w, https:\/\/www.msopatovice.eu\/wp-content\/uploads\/2020\/05\/DSCN2634-1024x768.jpg 1024w, https:\/\/www.msopatovice.eu\/wp-content\/uploads\/2020\/05\/DSCN2634-768x576.jpg 768w, https:\/\/www.msopatovice.eu\/wp-content\/uploads\/2020\/05\/DSCN2634-1536x1152.jpg 1536w, https:\/\/www.msopatovice.eu\/wp-content\/uploads\/2020\/05\/DSCN2634-2048x1536.jpg 2048w, https:\/\/www.msopatovice.eu\/wp-content\/uploads\/2020\/05\/DSCN2634-scaled.jpg 1600w\" sizes=\"(max-width: 529px) 100vw, 529px\" \/><\/p>\n<h3><span style=\"color: #0000ff;\"><strong>U\u017e to m\u00e1me ud\u011bl\u00e1no, u\u017e to m\u00e1me hotovo!<\/strong><\/span><\/h3>\n<p><img loading=\"lazy\" class=\"alignnone wp-image-150\" src=\"https:\/\/www.msopatovice.eu\/wp-content\/uploads\/2020\/01\/16-1-300x176.jpg\" alt=\"\" width=\"619\" height=\"363\" data-id=\"150\" srcset=\"https:\/\/www.msopatovice.eu\/wp-content\/uploads\/2020\/01\/16-1-300x176.jpg 300w, https:\/\/www.msopatovice.eu\/wp-content\/uploads\/2020\/01\/16-1-1024x600.jpg 1024w, https:\/\/www.msopatovice.eu\/wp-content\/uploads\/2020\/01\/16-1-768x450.jpg 768w, https:\/\/www.msopatovice.eu\/wp-content\/uploads\/2020\/01\/16-1.jpg 1280w\" sizes=\"(max-width: 619px) 100vw, 619px\" \/><\/p>\n","protected":false},"excerpt":{"rendered":"<p>Jak se stav\u00ed \u0161kolka? My jsme v roce 2015 v\u0161echno pozorovali a u\u017e to v\u00edme\u2026 Pozorovali jsme, co to p\u0159ijelo za velk\u00e9 auto\u2026 Honem jsme se p\u0159evl\u00e9kli a \u0161li jsme se pod\u00edvat zbl\u00edzka\u2026 Za\u010d\u00edn\u00e1 se chystat n\u011bco, co n\u00e1m p\u0159ipom\u00edn\u00e1 podlahu\u2026 Potom beton uhladili zvl\u00e1\u0161tn\u00edm n\u00e1strojem\u2026 Za p\u00e1r dn\u00ed p\u0159ijelo dal\u0161\u00ed velk\u00e9 auto, tentokr\u00e1t to &hellip; <\/p>\n<p><a class=\"more-link btn\" href=\"https:\/\/www.msopatovice.eu\/index.php\/fotogalerie\/jak-se-stavi-skolka\/\">Continue reading<\/a><\/p>\n","protected":false},"author":2,"featured_media":0,"parent":22,"menu_order":0,"comment_status":"closed","ping_status":"closed","template":"","meta":{"_expiration-date-status":"","_expiration-date":0,"_expiration-date-type":"","_expiration-date-categories":[],"_expiration-date-options":[]},"_links":{"self":[{"href":"https:\/\/www.msopatovice.eu\/index.php\/wp-json\/wp\/v2\/pages\/1226"}],"collection":[{"href":"https:\/\/www.msopatovice.eu\/index.php\/wp-json\/wp\/v2\/pages"}],"about":[{"href":"https:\/\/www.msopatovice.eu\/index.php\/wp-json\/wp\/v2\/types\/page"}],"author":[{"embeddable":true,"href":"https:\/\/www.msopatovice.eu\/index.php\/wp-json\/wp\/v2\/users\/2"}],"replies":[{"embeddable":true,"href":"https:\/\/www.msopatovice.eu\/index.php\/wp-json\/wp\/v2\/comments?post=1226"}],"version-history":[{"count":8,"href":"https:\/\/www.msopatovice.eu\/index.php\/wp-json\/wp\/v2\/pages\/1226\/revisions"}],"predecessor-version":[{"id":14305,"href":"https:\/\/www.msopatovice.eu\/index.php\/wp-json\/wp\/v2\/pages\/1226\/revisions\/14305"}],"up":[{"embeddable":true,"href":"https:\/\/www.msopatovice.eu\/index.php\/wp-json\/wp\/v2\/pages\/22"}],"wp:attachment":[{"href":"https:\/\/www.msopatovice.eu\/index.php\/wp-json\/wp\/v2\/media?parent=1226"}],"curies":[{"name":"wp","href":"https:\/\/api.w.org\/{rel}","templated":true}]}}