{"id":122,"date":"2020-01-03T11:16:26","date_gmt":"2020-01-03T10:16:26","guid":{"rendered":"http:\/\/www.msopatovice.eu\/?page_id=122"},"modified":"2020-10-26T16:17:46","modified_gmt":"2020-10-26T15:17:46","slug":"projekt-i","status":"publish","type":"page","link":"https:\/\/www.msopatovice.eu\/index.php\/projekt\/projekt-i\/","title":{"rendered":"Projekt I"},"content":{"rendered":"<h4><img loading=\"lazy\" class=\"alignnone wp-image-2250\" src=\"https:\/\/www.msopatovice.eu\/wp-content\/uploads\/2020\/10\/logo_projekt-300x66.jpg\" alt=\"\" width=\"632\" height=\"139\" data-id=\"2250\" srcset=\"https:\/\/www.msopatovice.eu\/wp-content\/uploads\/2020\/10\/logo_projekt-300x66.jpg 300w, https:\/\/www.msopatovice.eu\/wp-content\/uploads\/2020\/10\/logo_projekt.jpg 605w\" sizes=\"(max-width: 632px) 100vw, 632px\" \/><\/h4>\n<h4><span style=\"color: #000000;\">Na\u0161e mate\u0159sk\u00e1 \u0161kola byla p\u0159\u00edjemcem dotace z projektu s n\u00e1zvem <strong><span style=\"color: #0000ff;\">Podpora vzd\u011bl\u00e1v\u00e1n\u00ed formou zjednodu\u0161en\u00e9ho projektu v M\u0160 Opatovice I<\/span>\u00a0<\/strong>v programu Opera\u010dn\u00ed program V\u00fdzkum, v\u00fdvoj a vzd\u011bl\u00e1v\u00e1n\u00ed.<\/span><\/h4>\n<h4><span style=\"color: #0000ff;\"><strong>Projekt je spolufinancov\u00e1n Evropskou uni\u00ed.<\/strong><\/span><\/h4>\n<h4><span style=\"color: #000000;\">V\u00fd\u0161e poskytnut\u00e9 dotace byla 297 670,00 K\u010d. Projekt byl zam\u011b\u0159en na usnadn\u011bn\u00ed p\u0159echodu d\u011bt\u00ed z mate\u0159sk\u00e9 \u0161koly do z\u00e1kladn\u00ed \u0161koly, spolupr\u00e1ce s rodi\u010di d\u011bt\u00ed.<\/span><\/h4>\n<h4><span style=\"color: #000000;\">C\u00edlem bylo poskytnut\u00ed do\u010dasn\u00e9 person\u00e1ln\u00ed podpory &#8211; \u0161koln\u00edho asistenta mate\u0159sk\u00e9 \u0161kole.<\/span><\/h4>\n<h4><span style=\"color: #000000;\">Datum zah\u00e1jen\u00ed fyzick\u00e9 realizace\u00a0 projektu: 1. 1. 2017<\/span><\/h4>\n<h4><span style=\"color: #000000;\">Datum ukon\u010den\u00ed fyzick\u00e9 realizace projektu: 31. 12. 2018<\/span><\/h4>\n<h4><span style=\"color: #000000;\">Doba\u00a0realizace projektu: 24 m\u011bs\u00edc\u016f<\/span><\/h4>\n<p><img loading=\"lazy\" class=\"alignnone wp-image-607\" src=\"https:\/\/www.msopatovice.eu\/wp-content\/uploads\/2020\/02\/Obr\u00e1zek4-211x300.jpg\" alt=\"\" width=\"318\" height=\"452\" data-id=\"607\" srcset=\"https:\/\/www.msopatovice.eu\/wp-content\/uploads\/2020\/02\/Obr\u00e1zek4-211x300.jpg 211w, https:\/\/www.msopatovice.eu\/wp-content\/uploads\/2020\/02\/Obr\u00e1zek4.jpg 687w\" sizes=\"(max-width: 318px) 100vw, 318px\" \/><\/p>\n","protected":false},"excerpt":{"rendered":"<p>Na\u0161e mate\u0159sk\u00e1 \u0161kola byla p\u0159\u00edjemcem dotace z projektu s n\u00e1zvem Podpora vzd\u011bl\u00e1v\u00e1n\u00ed formou zjednodu\u0161en\u00e9ho projektu v M\u0160 Opatovice I\u00a0v programu Opera\u010dn\u00ed program V\u00fdzkum, v\u00fdvoj a vzd\u011bl\u00e1v\u00e1n\u00ed. Projekt je spolufinancov\u00e1n Evropskou uni\u00ed. V\u00fd\u0161e poskytnut\u00e9 dotace byla 297 670,00 K\u010d. Projekt byl zam\u011b\u0159en na usnadn\u011bn\u00ed p\u0159echodu d\u011bt\u00ed z mate\u0159sk\u00e9 \u0161koly do z\u00e1kladn\u00ed \u0161koly, spolupr\u00e1ce s rodi\u010di d\u011bt\u00ed. &hellip; <\/p>\n<p><a class=\"more-link btn\" href=\"https:\/\/www.msopatovice.eu\/index.php\/projekt\/projekt-i\/\">Continue reading<\/a><\/p>\n","protected":false},"author":2,"featured_media":0,"parent":26,"menu_order":0,"comment_status":"closed","ping_status":"closed","template":"","meta":{"_expiration-date-status":"saved","_expiration-date":0,"_expiration-date-type":"","_expiration-date-categories":[],"_expiration-date-options":[]},"_links":{"self":[{"href":"https:\/\/www.msopatovice.eu\/index.php\/wp-json\/wp\/v2\/pages\/122"}],"collection":[{"href":"https:\/\/www.msopatovice.eu\/index.php\/wp-json\/wp\/v2\/pages"}],"about":[{"href":"https:\/\/www.msopatovice.eu\/index.php\/wp-json\/wp\/v2\/types\/page"}],"author":[{"embeddable":true,"href":"https:\/\/www.msopatovice.eu\/index.php\/wp-json\/wp\/v2\/users\/2"}],"replies":[{"embeddable":true,"href":"https:\/\/www.msopatovice.eu\/index.php\/wp-json\/wp\/v2\/comments?post=122"}],"version-history":[{"count":11,"href":"https:\/\/www.msopatovice.eu\/index.php\/wp-json\/wp\/v2\/pages\/122\/revisions"}],"predecessor-version":[{"id":2262,"href":"https:\/\/www.msopatovice.eu\/index.php\/wp-json\/wp\/v2\/pages\/122\/revisions\/2262"}],"up":[{"embeddable":true,"href":"https:\/\/www.msopatovice.eu\/index.php\/wp-json\/wp\/v2\/pages\/26"}],"wp:attachment":[{"href":"https:\/\/www.msopatovice.eu\/index.php\/wp-json\/wp\/v2\/media?parent=122"}],"curies":[{"name":"wp","href":"https:\/\/api.w.org\/{rel}","templated":true}]}}